{"id":827,"date":"2018-12-19T12:45:33","date_gmt":"2018-12-19T12:45:33","guid":{"rendered":"https:\/\/kpkoda.ee\/vahekohus\/"},"modified":"2025-12-09T20:00:02","modified_gmt":"2025-12-09T20:00:02","slug":"vahekohus","status":"publish","type":"page","link":"https:\/\/kpkoda.ee\/en\/teenused-2\/vahekohus\/","title":{"rendered":"Vahekohus"},"content":{"rendered":"<p style=\"text-align: justify\">Kohtut\u00e4iturite ja Pankrotihaldurite Koja vahekohus (edaspidi vahekohus) on vaidluste kohtuv\u00e4lise lahendamise organ. Vahekohus lahendab poolte (hageja ja kostja) kokkuleppel rahalisi n\u00f5udeid, mille kohta ei ole seadustes ega vahekohtu reglemendis s\u00e4testatud vahekohtule lahendada andmise keeldu ega piirangut. Vahekohus ei lahenda vaidlusi, mis tulenevad kas kohtut\u00e4ituri tasu n\u00f5udest v\u00f5i eluruumi \u00fc\u00fcrilepingust, tarbijakrediidilepingust v\u00f5i t\u00f6\u00f6lepingust tulenevast rahalisest n\u00f5udest. Koja vahekohtu otsus tuleb kohtu poolt t\u00e4idetavaks tunnistada.<\/p>\n<p style=\"text-align: justify\">Koja vahekohus on loodud eelk\u00f5ige poolte huvides lihtsustamaks ja kiirendamaks rahaliste n\u00f5uete menetlemise protsessi. Oma p\u00f5him\u00f5tetes tugineb vahekohtu menetlus lepitusmenetluse seaduse alusel kehtestatud lepitusmenetlusele, mis v\u00f5imaldab pooltel saavutada poolte kokkuleppel erapooletu isiku abil m\u00f5lemat poolt rahuldav tulemus.<\/p>\n<p style=\"text-align: justify\">Vahekohtumenetlus on v\u00f5rreldes tsiviilkohtumenetlusega kiirem. Menetluse maksimaalne pikkus v\u00f5ib olla kuni 3 kuud. Erandjuhtudel v\u00f5ib t\u00e4htaega ka pikendada.<\/p>\n<p style=\"text-align: justify\">Pooltel on v\u00f5imalus osaleda vaidlust lahendava vahekohtu koosseisu moodustamises, esitada omapoolseid kandidaate, teha ettepanekuid vahekohtu koosseisu suuruse kohta jne.<\/p>\n<p style=\"text-align: justify\">Vahekohtunikud on:<\/p>\n<ul style=\"text-align: justify\">\n<li><strong>Magnus Braun<\/strong><br \/>\n\u00f5igusteaduse MA,<br \/>\nvandeadvokaat, pankrotihaldur,<br \/>\nKoja esindaja Euroopa Maksej\u00f5uetuse Prodessionaalide Organisatsioonide Assotsiatsioon<\/li>\n<li><strong>Terje Eipre<\/strong><br \/>\nvandeadvokaat, pankrotihaldur<br \/>\n\u00f5igusteaduse MA,<br \/>\nosalenud enam kui 900 pankrotimenetluse protsessis,<br \/>\nEesti Advokatuuri Maksej\u00f5uetus\u00f5iguse Komisjoni liige;<\/li>\n<li><strong>Aive Kolsar<\/strong><br \/>\nmagistrikraadile vastav k\u00f5rgharidus \u00f5igusteaduses,<br \/>\npankrotihaldur ja\u00a0P\u00f5lva\u00a0kohtut\u00e4itur,<br \/>\n<strong>Maarja Kalk<\/strong><br \/>\n\u00f5igusteaduse MA<br \/>\nkohtut\u00e4ituri abi<\/li>\n<li><strong>Janek Pool<\/strong><br \/>\n\u00f5igusteaduse MA<br \/>\nkohtut\u00e4itur<br \/>\nametikogu juhatuse esimees, Koja aseesimees<br \/>\nEuroopa Kohtut\u00e4iturite Liidu (UEHJ) juhatuse liige, sekret\u00e4r (2016-2018)<\/li>\n<\/ul>\n<p style=\"text-align: justify\">Vahekohtu algatamiseks tuleb esitada hagi Koja vahekohtule ja tasuda vahekohtu registreerimismaks. Vahekohtunikud saab valida Koja kodulehel avaldatud vahekohtunike seast.<\/p>\n<p style=\"text-align: justify\">Vaidluse lahendamise aluseks vahekohtus peab olema kas:<\/p>\n<ol style=\"text-align: justify\">\n<li>vaidlevate poolte vahel kirjalikku taasesitamist v\u00f5imaldavas vormis s\u00f5lmitud kokkulepe vaidluse lahendamiseks vahekohtus v\u00f5i<\/li>\n<li>n\u00f5usolek vaidluse lahendamiseks vahekohtus, mis on v\u00e4ljendatud kirjalikku taasesitamist v\u00f5imaldavas vormis hageja poolt hagi esitamisega ning kostja poolt vastuses hagile, mis annab tunnistust poolte vabatahtlikust allumisest vahekohtu jurisdiktsioonile.<\/li>\n<\/ol>\n<p style=\"text-align: justify\">N\u00f5uetekohane hagiavaldus esitatakse vahekohtule Kohtut\u00e4iturite ja Pankrotihaldurite Koja kaudu paberkandjal v\u00f5i elektrooniliselt. Hagiavalduse esitamise ajaks loetakse hagiavalduse Kohtut\u00e4iturite ja Pankrotihaldurite Kotta j\u00f5udmise p\u00e4ev.<\/p>\n<p style=\"text-align: justify\">Hagiavaldusele lisatakse:<\/p>\n<ol style=\"text-align: justify\">\n<li>t\u00f5endid selle kohta, et vaidluse lahendamine on vahekohtu p\u00e4devuses;<\/li>\n<li>esindus\u00f5igust t\u00f5endav dokument;<\/li>\n<li>hagi asjaolusid kinnitavad t\u00f5endid;<\/li>\n<li>t\u00f5end registreerimismaksu tasumise kohta.<\/li>\n<\/ol>\n<p style=\"text-align: justify\">Vahekohtule edastatud v\u00f5i vahekohtu poolt koostatud elektroonilised dokumendid edastatakse menetlusosalistele reeglina elektrooniliselt.Kostjal on v\u00f5imalik esitada vastus hagile v\u00f5i vastuhagi. Vastuse esitamata j\u00e4tmine v\u00f5i poolte lahkarvamused vahekohtu menetluse l\u00e4biviimise keele, koha v\u00f5i vormi suhtes ei takista vaidluse lahendamist vahekohtus. Erimeelsuste korral lahendab need valitud vahekohtu koosseis menetluse alguses.<\/p>\n<p style=\"text-align: justify\">Vahekohtumenetlus on v\u00f5imalik l\u00e4bi viia nii kirjalikus menetluses kui ka suulises menetluses, st et vahekohtu asjas toimub vahekohtu kohtuistung.<\/p>\n<p style=\"text-align: justify\">Vahekohtu maksed on registreerimismaks ja vahekohtu maks.<\/p>\n<p style=\"text-align: justify\">Registreerimismaksu tasub hageja hagi esitamisel. Vahekohtu registreerimismaksu suurus on 250 eurot, millele lisandub k\u00e4ibemaks (20 %). Vahekohtu maks tuleb tasuda hagejal p\u00e4rast hagiavalduse menetlusse v\u00f5tmist.<\/p>\n<p style=\"text-align: justify\">Vahekohtu maksed tuleb tasuda Kohtut\u00e4iturite ja Pankrotihaldurite Koja pangaarvele EE651010220111133018 SEB Pank.<\/p>\n<p style=\"text-align: justify\">Vahekohtu maksu suuruse m\u00e4\u00e4rab vahekohtu esimees l\u00e4htudes hagi hinnast vastavalt vahekohtu reglemendi lisa 1 tabelis toodud maksu suurusele (lisandub k\u00e4ibemaks) ja l\u00e4htudes j\u00e4rgmistest p\u00f5him\u00f5tetest:<\/p>\n<ul style=\"text-align: justify\">\n<li>kui asja menetleb 1 \u2013 3 vahekohtunikku \u2013 tabelis toodud summa vastavalt hagi hinnale;<\/li>\n<li>kui asja menetleb \u00fcle 3 vahekohtuniku \u2013 tabelis toodud summa vastavalt hagi hinnale, millele lisandub iga kohtuniku kohta tabelis toodud summa vastavalt hagi hinnale. (N\u00e4iteks asja on valitud menetlema 5 vahekohtunikku ja n\u00f5ue kuni 640 eurot, siis arvutatakse vahekohtu maksu j\u00e4rgnevalt: 190+190+190=570 eurot.)<\/li>\n<\/ul>\n<p style=\"text-align: justify\">Juhul kui Te soovite p\u00f6\u00f6rduda Kohtut\u00e4iturite ja Pankrotihaldurite Koja vahekohtusse, siis palume esitada dokumendid alltoodud aadressile. Samuti on oodatud vahekohtusse p\u00f6\u00f6rdumise ja menetlusega seotud k\u00fcsimused.<\/p>\n<p style=\"text-align: justify\">Kohtut\u00e4iturite ja Pankrotihaldurite Koja vahekohus<\/p>\n<p style=\"text-align: justify\">E-post:\u00a0<a href=\"mailto:info@kpkoda.ee\">info@kpkoda.ee<\/a><\/p>\n<p style=\"text-align: justify\">Aadress: Roosikrantsi 8b, Tallinn 10119<\/p>\n<h3 style=\"text-align: justify\"><strong>Avalik fail:<\/strong><\/h3>\n<ul>\n<li style=\"text-align: justify\"><a title=\"KPK vahekohtu reglement Muudetud(JL).pdf\" href=\"https:\/\/kpkoda.ee\/wp-content\/uploads\/2019\/02\/KPK vahekohtu reglement Muudetud(JL).pdf\" target=\"_blank\" rel=\"noopener\">Vahekohtu reglement (muudetud 6.03.2018)<\/a><\/li>\n<\/ul>\n\t\n","protected":false},"excerpt":{"rendered":"","protected":false},"author":1,"featured_media":23410,"parent":12598,"menu_order":148,"comment_status":"closed","ping_status":"closed","template":"template_page_sidebar.php","meta":{"_acf_changed":false,"footnotes":""},"class_list":["post-827","page","type-page","status-publish","has-post-thumbnail","hentry"],"acf":[],"yoast_head":"<!-- This site is optimized with the Yoast SEO plugin v27.3 - https:\/\/yoast.com\/product\/yoast-seo-wordpress\/ -->\n<title>Vahekohus - Kohtut\u00e4iturite ja Pankrotihaldurite Koda<\/title>\n<meta name=\"robots\" content=\"index, follow, max-snippet:-1, max-image-preview:large, max-video-preview:-1\" \/>\n<link rel=\"canonical\" href=\"https:\/\/kpkoda.ee\/en\/teenused-2\/vahekohus\/\" \/>\n<meta property=\"og:locale\" content=\"en_US\" \/>\n<meta property=\"og:type\" content=\"article\" \/>\n<meta property=\"og:title\" content=\"Vahekohus - Kohtut\u00e4iturite ja Pankrotihaldurite Koda\" \/>\n<meta property=\"og:url\" content=\"https:\/\/kpkoda.ee\/en\/teenused-2\/vahekohus\/\" \/>\n<meta property=\"og:site_name\" content=\"Kohtut\u00e4iturite ja Pankrotihaldurite Koda\" \/>\n<meta property=\"article:modified_time\" content=\"2025-12-09T20:00:02+00:00\" \/>\n<meta property=\"og:image\" content=\"https:\/\/kpkoda.ee\/wp-content\/uploads\/2024\/06\/kpbl.jpg\" \/>\n\t<meta property=\"og:image:width\" content=\"640\" \/>\n\t<meta property=\"og:image:height\" content=\"400\" \/>\n\t<meta property=\"og:image:type\" content=\"image\/jpeg\" \/>\n<meta name=\"twitter:card\" content=\"summary_large_image\" \/>\n<script type=\"application\/ld+json\" class=\"yoast-schema-graph\">{\"@context\":\"https:\\\/\\\/schema.org\",\"@graph\":[{\"@type\":\"WebPage\",\"@id\":\"https:\\\/\\\/kpkoda.ee\\\/en\\\/teenused-2\\\/vahekohus\\\/\",\"url\":\"https:\\\/\\\/kpkoda.ee\\\/en\\\/teenused-2\\\/vahekohus\\\/\",\"name\":\"Vahekohus - Kohtut\u00e4iturite ja Pankrotihaldurite Koda\",\"isPartOf\":{\"@id\":\"https:\\\/\\\/kpkoda.ee\\\/en\\\/#website\"},\"primaryImageOfPage\":{\"@id\":\"https:\\\/\\\/kpkoda.ee\\\/en\\\/teenused-2\\\/vahekohus\\\/#primaryimage\"},\"image\":{\"@id\":\"https:\\\/\\\/kpkoda.ee\\\/en\\\/teenused-2\\\/vahekohus\\\/#primaryimage\"},\"thumbnailUrl\":\"https:\\\/\\\/kpkoda.ee\\\/wp-content\\\/uploads\\\/2024\\\/06\\\/kpbl.jpg\",\"datePublished\":\"2018-12-19T12:45:33+00:00\",\"dateModified\":\"2025-12-09T20:00:02+00:00\",\"breadcrumb\":{\"@id\":\"https:\\\/\\\/kpkoda.ee\\\/en\\\/teenused-2\\\/vahekohus\\\/#breadcrumb\"},\"inLanguage\":\"en-US\",\"potentialAction\":[{\"@type\":\"ReadAction\",\"target\":[\"https:\\\/\\\/kpkoda.ee\\\/en\\\/teenused-2\\\/vahekohus\\\/\"]}]},{\"@type\":\"ImageObject\",\"inLanguage\":\"en-US\",\"@id\":\"https:\\\/\\\/kpkoda.ee\\\/en\\\/teenused-2\\\/vahekohus\\\/#primaryimage\",\"url\":\"https:\\\/\\\/kpkoda.ee\\\/wp-content\\\/uploads\\\/2024\\\/06\\\/kpbl.jpg\",\"contentUrl\":\"https:\\\/\\\/kpkoda.ee\\\/wp-content\\\/uploads\\\/2024\\\/06\\\/kpbl.jpg\",\"width\":640,\"height\":400},{\"@type\":\"BreadcrumbList\",\"@id\":\"https:\\\/\\\/kpkoda.ee\\\/en\\\/teenused-2\\\/vahekohus\\\/#breadcrumb\",\"itemListElement\":[{\"@type\":\"ListItem\",\"position\":1,\"name\":\"Home\",\"item\":\"https:\\\/\\\/kpkoda.ee\\\/en\\\/\"},{\"@type\":\"ListItem\",\"position\":2,\"name\":\"Services\",\"item\":\"https:\\\/\\\/kpkoda.ee\\\/en\\\/teenused-2\\\/\"},{\"@type\":\"ListItem\",\"position\":3,\"name\":\"Vahekohus\"}]},{\"@type\":\"WebSite\",\"@id\":\"https:\\\/\\\/kpkoda.ee\\\/en\\\/#website\",\"url\":\"https:\\\/\\\/kpkoda.ee\\\/en\\\/\",\"name\":\"Kohtut\u00e4iturite ja Pankrotihaldurite Koda\",\"description\":\"Kohtut\u00e4iturite ja Pankrotihaldurite Koda\",\"potentialAction\":[{\"@type\":\"SearchAction\",\"target\":{\"@type\":\"EntryPoint\",\"urlTemplate\":\"https:\\\/\\\/kpkoda.ee\\\/en\\\/?s={search_term_string}\"},\"query-input\":{\"@type\":\"PropertyValueSpecification\",\"valueRequired\":true,\"valueName\":\"search_term_string\"}}],\"inLanguage\":\"en-US\"}]}<\/script>\n<!-- \/ Yoast SEO plugin. -->","yoast_head_json":{"title":"Vahekohus - Kohtut\u00e4iturite ja Pankrotihaldurite Koda","robots":{"index":"index","follow":"follow","max-snippet":"max-snippet:-1","max-image-preview":"max-image-preview:large","max-video-preview":"max-video-preview:-1"},"canonical":"https:\/\/kpkoda.ee\/en\/teenused-2\/vahekohus\/","og_locale":"en_US","og_type":"article","og_title":"Vahekohus - Kohtut\u00e4iturite ja Pankrotihaldurite Koda","og_url":"https:\/\/kpkoda.ee\/en\/teenused-2\/vahekohus\/","og_site_name":"Kohtut\u00e4iturite ja Pankrotihaldurite Koda","article_modified_time":"2025-12-09T20:00:02+00:00","og_image":[{"width":640,"height":400,"url":"https:\/\/kpkoda.ee\/wp-content\/uploads\/2024\/06\/kpbl.jpg","type":"image\/jpeg"}],"twitter_card":"summary_large_image","schema":{"@context":"https:\/\/schema.org","@graph":[{"@type":"WebPage","@id":"https:\/\/kpkoda.ee\/en\/teenused-2\/vahekohus\/","url":"https:\/\/kpkoda.ee\/en\/teenused-2\/vahekohus\/","name":"Vahekohus - Kohtut\u00e4iturite ja Pankrotihaldurite Koda","isPartOf":{"@id":"https:\/\/kpkoda.ee\/en\/#website"},"primaryImageOfPage":{"@id":"https:\/\/kpkoda.ee\/en\/teenused-2\/vahekohus\/#primaryimage"},"image":{"@id":"https:\/\/kpkoda.ee\/en\/teenused-2\/vahekohus\/#primaryimage"},"thumbnailUrl":"https:\/\/kpkoda.ee\/wp-content\/uploads\/2024\/06\/kpbl.jpg","datePublished":"2018-12-19T12:45:33+00:00","dateModified":"2025-12-09T20:00:02+00:00","breadcrumb":{"@id":"https:\/\/kpkoda.ee\/en\/teenused-2\/vahekohus\/#breadcrumb"},"inLanguage":"en-US","potentialAction":[{"@type":"ReadAction","target":["https:\/\/kpkoda.ee\/en\/teenused-2\/vahekohus\/"]}]},{"@type":"ImageObject","inLanguage":"en-US","@id":"https:\/\/kpkoda.ee\/en\/teenused-2\/vahekohus\/#primaryimage","url":"https:\/\/kpkoda.ee\/wp-content\/uploads\/2024\/06\/kpbl.jpg","contentUrl":"https:\/\/kpkoda.ee\/wp-content\/uploads\/2024\/06\/kpbl.jpg","width":640,"height":400},{"@type":"BreadcrumbList","@id":"https:\/\/kpkoda.ee\/en\/teenused-2\/vahekohus\/#breadcrumb","itemListElement":[{"@type":"ListItem","position":1,"name":"Home","item":"https:\/\/kpkoda.ee\/en\/"},{"@type":"ListItem","position":2,"name":"Services","item":"https:\/\/kpkoda.ee\/en\/teenused-2\/"},{"@type":"ListItem","position":3,"name":"Vahekohus"}]},{"@type":"WebSite","@id":"https:\/\/kpkoda.ee\/en\/#website","url":"https:\/\/kpkoda.ee\/en\/","name":"Kohtut\u00e4iturite ja Pankrotihaldurite Koda","description":"Kohtut\u00e4iturite ja Pankrotihaldurite Koda","potentialAction":[{"@type":"SearchAction","target":{"@type":"EntryPoint","urlTemplate":"https:\/\/kpkoda.ee\/en\/?s={search_term_string}"},"query-input":{"@type":"PropertyValueSpecification","valueRequired":true,"valueName":"search_term_string"}}],"inLanguage":"en-US"}]}},"_links":{"self":[{"href":"https:\/\/kpkoda.ee\/en\/wp-json\/wp\/v2\/pages\/827","targetHints":{"allow":["GET"]}}],"collection":[{"href":"https:\/\/kpkoda.ee\/en\/wp-json\/wp\/v2\/pages"}],"about":[{"href":"https:\/\/kpkoda.ee\/en\/wp-json\/wp\/v2\/types\/page"}],"author":[{"embeddable":true,"href":"https:\/\/kpkoda.ee\/en\/wp-json\/wp\/v2\/users\/1"}],"replies":[{"embeddable":true,"href":"https:\/\/kpkoda.ee\/en\/wp-json\/wp\/v2\/comments?post=827"}],"version-history":[{"count":10,"href":"https:\/\/kpkoda.ee\/en\/wp-json\/wp\/v2\/pages\/827\/revisions"}],"predecessor-version":[{"id":26983,"href":"https:\/\/kpkoda.ee\/en\/wp-json\/wp\/v2\/pages\/827\/revisions\/26983"}],"up":[{"embeddable":true,"href":"https:\/\/kpkoda.ee\/en\/wp-json\/wp\/v2\/pages\/12598"}],"wp:featuredmedia":[{"embeddable":true,"href":"https:\/\/kpkoda.ee\/en\/wp-json\/wp\/v2\/media\/23410"}],"wp:attachment":[{"href":"https:\/\/kpkoda.ee\/en\/wp-json\/wp\/v2\/media?parent=827"}],"curies":[{"name":"wp","href":"https:\/\/api.w.org\/{rel}","templated":true}]}}