{"id":807,"date":"2018-12-20T07:07:57","date_gmt":"2018-12-20T07:07:57","guid":{"rendered":"https:\/\/kpkoda.ee\/pankrotihaldurid\/pankrotihalduri-eksam\/"},"modified":"2025-08-21T12:05:18","modified_gmt":"2025-08-21T12:05:18","slug":"pankrotihalduri-eksam","status":"publish","type":"page","link":"https:\/\/kpkoda.ee\/en\/pankrotihalduri-eksam\/","title":{"rendered":"Pankrotihalduri eksam"},"content":{"rendered":"<h2 style=\"text-align: justify\"><strong>Pankrotihalduri eksami teade<\/strong><\/h2>\n<p>21.08.2025<\/p>\n<p>K\u00e4esolevaga teatame, et Kohtut\u00e4iturite ja Pankrotihaldurite Koja (edaspidi Koda) eksamikomisjoni 3.06.2025 otsusega Koja algatusel korraldatava pankrotihalduri eksami kirjalik osa (\u00f5igus-, majandus- ja raamatupidamisvaldkonna k\u00fcsimustele vastamine ning kaasus\u00fclesannete lahendamine) viiakse l\u00e4bi 28. oktoobril 2025 kell 10:00 \u2013 17:00 Tallinna Teeninduskoolis aadressil Majaka 2, Tallinn.<\/p>\n<p>Eksamil osalevate isikute tuvastamine toimub isikut t\u00f5endava dokumendi alusel eksamip\u00e4eval ajavahemikus 09:30 \u2013 10:00 eksami sooritamiseks m\u00e4\u00e4ratud Tallinna Teeninduskooli aadressil Majaka 2, Tallinn, asuvas ruumis ukse juures.<\/p>\n<p>Vestlus viiakse l\u00e4bi eksami kirjaliku osa sooritanud eksamineeritavaga. Vestluse toimumise aeg ja koht tehakse teatavaks eksami kirjaliku osa sooritanutele.<\/p>\n<p>Eksamil osalemiseks tuleb Kojale esitada avaldus, milles m\u00e4rgitakse avaldaja ees- ja perekonnanimi, isikukood, kontaktandmed ja t\u00f6\u00f6koht.<\/p>\n<p>Avaldusele tuleb lisada:<\/p>\n<ul>\n<li>isikut ja kodakondsust t\u00f5endava dokumendi \u00e4rakiri;<\/li>\n<li>pankrotiseaduse \u00a7 57 l\u00f5ikes 1 n\u00f5utava hariduse olemasolu t\u00f5endava dokumendi \u00e4rakiri;<\/li>\n<li>kandideerija omak\u00e4eline kinnitus, et tema kohta ei esine pankrotiseaduse \u00a7 57 l\u00f5ikes 6 nimetatud pankrotihaldurina tegutsemise \u00f5iguse andmist v\u00e4listavaid asjaolusid;<\/li>\n<li>elulookirjeldus koos \u00fclevaatega senisest t\u00f6\u00f6- ja teenistusk\u00e4igust;<\/li>\n<li>127 euro maksmist t\u00f5endav maksekorraldus Kohtut\u00e4iturite ja Pankrotihaldurite Koja kontole EE751010220113743011 SEB Pank.<\/li>\n<\/ul>\n<p style=\"text-align: justify\" align=\"right\">Avaldus pankrotihalduri eksamil osalemiseks ja avaldusele lisatavad dokumendid tuleb esitada Kohtut\u00e4iturite ja Pankrotihaldurite Kojale hiljemalt 26. septembriks 2025 e-posti aadressil\u00a0<a href=\"mailto:info@kpkoda.ee\">info@kpkoda.ee<\/a>\u00a0v\u00f5i postiaadressil Roosikrantsi 8b, 10119 Tallinn.<\/p>\n<p style=\"text-align: justify\">Lugupidamisega,<\/p>\n<p style=\"text-align: justify\">Reet Rosenthal, Koja eksamikomisjoni esimees<\/p>\n<h3 style=\"text-align: justify\"><strong>Avalik fail:<\/strong><\/h3>\n<ul>\n<li style=\"text-align: justify\"><a title=\"Pankrotihalduri eksami programm 2014.doc\" href=\"https:\/\/kpkoda.ee\/wp-content\/uploads\/pankrotihalduri-eksam\/Pankrotihalduri eksami programm 2014_0.doc\" target=\"_blank\" rel=\"noopener\">Pankrotihalduri eksami programm 2014<\/a><\/li>\n<li style=\"text-align: justify\"><a title=\"Pankrotihalduri eksami programm 2015.pdf\" href=\"https:\/\/kpkoda.ee\/wp-content\/uploads\/pankrotihalduri-eksam\/Pankrotihalduri eksami programm 2015.pdf\" target=\"_blank\" rel=\"noopener\">Pankrotihalduri eksami programm 2015<\/a><\/li>\n<li style=\"text-align: justify\"><a title=\"Pankrotihalduri eksami programm 2016.pdf\" href=\"https:\/\/kpkoda.ee\/wp-content\/uploads\/pankrotihalduri-eksam\/Pankrotihalduri eksami programm 2016.pdf\" target=\"_blank\" rel=\"noopener\">Pankrotihalduri eksami programm 2016<\/a><\/li>\n<li style=\"text-align: justify\"><a title=\"Pankrotihalduri eksami programm 2017.pdf\" href=\"https:\/\/kpkoda.ee\/wp-content\/uploads\/pankrotihalduri-eksam\/Pankrotihalduri eksami programm 2017.pdf\" target=\"_blank\" rel=\"noopener\">Pankrotihalduri eksami programm 2017<\/a><\/li>\n<li style=\"text-align: justify\"><a title=\"Pankrotihalduri eksami programm 2018.pdf\" href=\"https:\/\/kpkoda.ee\/wp-content\/uploads\/pankrotihalduri-eksam\/Pankrotihalduri eksami programm 2018.pdf\" target=\"_blank\" rel=\"noopener\">Pankrotihalduri eksami programm 2018<\/a><\/li>\n<li style=\"text-align: justify\"><a href=\"https:\/\/kpkoda.ee\/wp-content\/uploads\/2019\/12\/Pankrotihalduri-eksami-programm-2019.pdf\">Pankrotihalduri eksami programm 2019<\/a><\/li>\n<li><a href=\"https:\/\/kpkoda.ee\/wp-content\/uploads\/2020\/08\/Pankrotihalduri-eksami-programm-2020-1.pdf\">Pankrotihalduri eksami programm 2020<\/a><\/li>\n<li><a href=\"https:\/\/kpkoda.ee\/wp-content\/uploads\/2021\/08\/pankrotihalduri-eksami-programm-2021.pdf\">Pankrotihalduri eksami programm 2021<\/a><\/li>\n<li><a href=\"https:\/\/kpkoda.ee\/wp-content\/uploads\/2022\/08\/pankrotihalduri-eksami-programm-2022.pdf\">Pankrotihalduri eksami programm 2022<\/a><\/li>\n<li><a href=\"https:\/\/kpkoda.ee\/wp-content\/uploads\/public\/pankrotihalduri-eksami-programm-2023.pdf\">Pankrotihalduri eksami programm 2023<\/a><\/li>\n<li><a href=\"https:\/\/kpkoda.ee\/wp-content\/uploads\/public\/pankrotihalduri-eksami-programm-2024.pdf\">Pankrotihalduri eksami programm 2024<\/a><\/li>\n<li><a href=\"https:\/\/kpkoda.ee\/wp-content\/uploads\/public\/pankrotihalduri-eksami-programm-2025.pdf\">Pankrotihalduri eksami programm 2025<\/a><\/li>\n<li><a href=\"https:\/\/kpkoda.ee\/wp-content\/uploads\/public\/eksami-juhend-ja-hindamise-kord-2025-eksam.pdf\">Kohtut\u00e4iturieksami, pankrotihalduri eksami ja saneerimisn\u00f5ustaja eksami juhend ja hindamise kord (28.10.2025)<\/a><\/li>\n<li><a href=\"https:\/\/kpkoda.ee\/wp-content\/uploads\/public\/kaasuse-lahendamise-abimees-2025.pdf\">Kohtut\u00e4iturieksami, pankrotihalduri eksami ja saneerimisn\u00f5ustaja eksami kaasuse lahendamise abimees (28.10.2025)<\/a><\/li>\n<\/ul>\n\t\n","protected":false},"excerpt":{"rendered":"","protected":false},"author":1,"featured_media":23410,"parent":0,"menu_order":259,"comment_status":"closed","ping_status":"closed","template":"template_page_sidebar.php","meta":{"_acf_changed":false,"footnotes":""},"class_list":["post-807","page","type-page","status-publish","has-post-thumbnail","hentry"],"acf":[],"yoast_head":"<!-- This site is optimized with the Yoast SEO plugin v27.3 - https:\/\/yoast.com\/product\/yoast-seo-wordpress\/ -->\n<title>Pankrotihalduri eksam - Kohtut\u00e4iturite ja Pankrotihaldurite Koda<\/title>\n<meta name=\"robots\" content=\"index, follow, max-snippet:-1, max-image-preview:large, max-video-preview:-1\" \/>\n<link rel=\"canonical\" href=\"https:\/\/kpkoda.ee\/en\/pankrotihalduri-eksam\/\" \/>\n<meta property=\"og:locale\" content=\"en_US\" \/>\n<meta property=\"og:type\" content=\"article\" \/>\n<meta property=\"og:title\" content=\"Pankrotihalduri eksam - Kohtut\u00e4iturite ja Pankrotihaldurite Koda\" \/>\n<meta property=\"og:url\" content=\"https:\/\/kpkoda.ee\/en\/pankrotihalduri-eksam\/\" \/>\n<meta property=\"og:site_name\" content=\"Kohtut\u00e4iturite ja Pankrotihaldurite Koda\" \/>\n<meta property=\"article:modified_time\" content=\"2025-08-21T12:05:18+00:00\" \/>\n<meta property=\"og:image\" content=\"https:\/\/kpkoda.ee\/wp-content\/uploads\/2024\/06\/kpbl.jpg\" \/>\n\t<meta property=\"og:image:width\" content=\"640\" \/>\n\t<meta property=\"og:image:height\" content=\"400\" \/>\n\t<meta property=\"og:image:type\" content=\"image\/jpeg\" \/>\n<meta name=\"twitter:card\" content=\"summary_large_image\" \/>\n<script type=\"application\/ld+json\" class=\"yoast-schema-graph\">{\"@context\":\"https:\\\/\\\/schema.org\",\"@graph\":[{\"@type\":\"WebPage\",\"@id\":\"https:\\\/\\\/kpkoda.ee\\\/en\\\/pankrotihalduri-eksam\\\/\",\"url\":\"https:\\\/\\\/kpkoda.ee\\\/en\\\/pankrotihalduri-eksam\\\/\",\"name\":\"Pankrotihalduri eksam - Kohtut\u00e4iturite ja Pankrotihaldurite Koda\",\"isPartOf\":{\"@id\":\"https:\\\/\\\/kpkoda.ee\\\/en\\\/#website\"},\"primaryImageOfPage\":{\"@id\":\"https:\\\/\\\/kpkoda.ee\\\/en\\\/pankrotihalduri-eksam\\\/#primaryimage\"},\"image\":{\"@id\":\"https:\\\/\\\/kpkoda.ee\\\/en\\\/pankrotihalduri-eksam\\\/#primaryimage\"},\"thumbnailUrl\":\"https:\\\/\\\/kpkoda.ee\\\/wp-content\\\/uploads\\\/2024\\\/06\\\/kpbl.jpg\",\"datePublished\":\"2018-12-20T07:07:57+00:00\",\"dateModified\":\"2025-08-21T12:05:18+00:00\",\"breadcrumb\":{\"@id\":\"https:\\\/\\\/kpkoda.ee\\\/en\\\/pankrotihalduri-eksam\\\/#breadcrumb\"},\"inLanguage\":\"en-US\",\"potentialAction\":[{\"@type\":\"ReadAction\",\"target\":[\"https:\\\/\\\/kpkoda.ee\\\/en\\\/pankrotihalduri-eksam\\\/\"]}]},{\"@type\":\"ImageObject\",\"inLanguage\":\"en-US\",\"@id\":\"https:\\\/\\\/kpkoda.ee\\\/en\\\/pankrotihalduri-eksam\\\/#primaryimage\",\"url\":\"https:\\\/\\\/kpkoda.ee\\\/wp-content\\\/uploads\\\/2024\\\/06\\\/kpbl.jpg\",\"contentUrl\":\"https:\\\/\\\/kpkoda.ee\\\/wp-content\\\/uploads\\\/2024\\\/06\\\/kpbl.jpg\",\"width\":640,\"height\":400},{\"@type\":\"BreadcrumbList\",\"@id\":\"https:\\\/\\\/kpkoda.ee\\\/en\\\/pankrotihalduri-eksam\\\/#breadcrumb\",\"itemListElement\":[{\"@type\":\"ListItem\",\"position\":1,\"name\":\"Home\",\"item\":\"https:\\\/\\\/kpkoda.ee\\\/en\\\/\"},{\"@type\":\"ListItem\",\"position\":2,\"name\":\"Pankrotihalduri eksam\"}]},{\"@type\":\"WebSite\",\"@id\":\"https:\\\/\\\/kpkoda.ee\\\/en\\\/#website\",\"url\":\"https:\\\/\\\/kpkoda.ee\\\/en\\\/\",\"name\":\"Kohtut\u00e4iturite ja Pankrotihaldurite Koda\",\"description\":\"Kohtut\u00e4iturite ja Pankrotihaldurite Koda\",\"potentialAction\":[{\"@type\":\"SearchAction\",\"target\":{\"@type\":\"EntryPoint\",\"urlTemplate\":\"https:\\\/\\\/kpkoda.ee\\\/en\\\/?s={search_term_string}\"},\"query-input\":{\"@type\":\"PropertyValueSpecification\",\"valueRequired\":true,\"valueName\":\"search_term_string\"}}],\"inLanguage\":\"en-US\"}]}<\/script>\n<!-- \/ Yoast SEO plugin. -->","yoast_head_json":{"title":"Pankrotihalduri eksam - Kohtut\u00e4iturite ja Pankrotihaldurite Koda","robots":{"index":"index","follow":"follow","max-snippet":"max-snippet:-1","max-image-preview":"max-image-preview:large","max-video-preview":"max-video-preview:-1"},"canonical":"https:\/\/kpkoda.ee\/en\/pankrotihalduri-eksam\/","og_locale":"en_US","og_type":"article","og_title":"Pankrotihalduri eksam - Kohtut\u00e4iturite ja Pankrotihaldurite Koda","og_url":"https:\/\/kpkoda.ee\/en\/pankrotihalduri-eksam\/","og_site_name":"Kohtut\u00e4iturite ja Pankrotihaldurite Koda","article_modified_time":"2025-08-21T12:05:18+00:00","og_image":[{"width":640,"height":400,"url":"https:\/\/kpkoda.ee\/wp-content\/uploads\/2024\/06\/kpbl.jpg","type":"image\/jpeg"}],"twitter_card":"summary_large_image","schema":{"@context":"https:\/\/schema.org","@graph":[{"@type":"WebPage","@id":"https:\/\/kpkoda.ee\/en\/pankrotihalduri-eksam\/","url":"https:\/\/kpkoda.ee\/en\/pankrotihalduri-eksam\/","name":"Pankrotihalduri eksam - Kohtut\u00e4iturite ja Pankrotihaldurite Koda","isPartOf":{"@id":"https:\/\/kpkoda.ee\/en\/#website"},"primaryImageOfPage":{"@id":"https:\/\/kpkoda.ee\/en\/pankrotihalduri-eksam\/#primaryimage"},"image":{"@id":"https:\/\/kpkoda.ee\/en\/pankrotihalduri-eksam\/#primaryimage"},"thumbnailUrl":"https:\/\/kpkoda.ee\/wp-content\/uploads\/2024\/06\/kpbl.jpg","datePublished":"2018-12-20T07:07:57+00:00","dateModified":"2025-08-21T12:05:18+00:00","breadcrumb":{"@id":"https:\/\/kpkoda.ee\/en\/pankrotihalduri-eksam\/#breadcrumb"},"inLanguage":"en-US","potentialAction":[{"@type":"ReadAction","target":["https:\/\/kpkoda.ee\/en\/pankrotihalduri-eksam\/"]}]},{"@type":"ImageObject","inLanguage":"en-US","@id":"https:\/\/kpkoda.ee\/en\/pankrotihalduri-eksam\/#primaryimage","url":"https:\/\/kpkoda.ee\/wp-content\/uploads\/2024\/06\/kpbl.jpg","contentUrl":"https:\/\/kpkoda.ee\/wp-content\/uploads\/2024\/06\/kpbl.jpg","width":640,"height":400},{"@type":"BreadcrumbList","@id":"https:\/\/kpkoda.ee\/en\/pankrotihalduri-eksam\/#breadcrumb","itemListElement":[{"@type":"ListItem","position":1,"name":"Home","item":"https:\/\/kpkoda.ee\/en\/"},{"@type":"ListItem","position":2,"name":"Pankrotihalduri eksam"}]},{"@type":"WebSite","@id":"https:\/\/kpkoda.ee\/en\/#website","url":"https:\/\/kpkoda.ee\/en\/","name":"Kohtut\u00e4iturite ja Pankrotihaldurite Koda","description":"Kohtut\u00e4iturite ja Pankrotihaldurite Koda","potentialAction":[{"@type":"SearchAction","target":{"@type":"EntryPoint","urlTemplate":"https:\/\/kpkoda.ee\/en\/?s={search_term_string}"},"query-input":{"@type":"PropertyValueSpecification","valueRequired":true,"valueName":"search_term_string"}}],"inLanguage":"en-US"}]}},"_links":{"self":[{"href":"https:\/\/kpkoda.ee\/en\/wp-json\/wp\/v2\/pages\/807","targetHints":{"allow":["GET"]}}],"collection":[{"href":"https:\/\/kpkoda.ee\/en\/wp-json\/wp\/v2\/pages"}],"about":[{"href":"https:\/\/kpkoda.ee\/en\/wp-json\/wp\/v2\/types\/page"}],"author":[{"embeddable":true,"href":"https:\/\/kpkoda.ee\/en\/wp-json\/wp\/v2\/users\/1"}],"replies":[{"embeddable":true,"href":"https:\/\/kpkoda.ee\/en\/wp-json\/wp\/v2\/comments?post=807"}],"version-history":[{"count":23,"href":"https:\/\/kpkoda.ee\/en\/wp-json\/wp\/v2\/pages\/807\/revisions"}],"predecessor-version":[{"id":26515,"href":"https:\/\/kpkoda.ee\/en\/wp-json\/wp\/v2\/pages\/807\/revisions\/26515"}],"wp:featuredmedia":[{"embeddable":true,"href":"https:\/\/kpkoda.ee\/en\/wp-json\/wp\/v2\/media\/23410"}],"wp:attachment":[{"href":"https:\/\/kpkoda.ee\/en\/wp-json\/wp\/v2\/media?parent=807"}],"curies":[{"name":"wp","href":"https:\/\/api.w.org\/{rel}","templated":true}]}}