{"id":805,"date":"2018-12-20T07:15:11","date_gmt":"2018-12-20T07:15:11","guid":{"rendered":"https:\/\/kpkoda.ee\/pankrotihaldurid\/huvitised-tootajatele\/"},"modified":"2024-02-08T14:20:30","modified_gmt":"2024-02-08T14:20:30","slug":"huvitised-tootajatele","status":"publish","type":"page","link":"https:\/\/kpkoda.ee\/en\/huvitised-tootajatele\/","title":{"rendered":"H\u00fcvitised t\u00f6\u00f6tajatele"},"content":{"rendered":"<p style=\"text-align: justify\">T\u00f6\u00f6andja maksej\u00f5uetuse korral h\u00fcvitatakse t\u00f6\u00f6tajale j\u00e4rgmised tasud:<\/p>\n<ol style=\"text-align: justify\">\n<li>enne t\u00f6\u00f6andja maksuj\u00f5uetuks tunnistamist saamata j\u00e4\u00e4nud t\u00f6\u00f6tasu kuni t\u00f6\u00f6taja kolme viimase t\u00f6\u00f6tatud kuu brutot\u00f6\u00f6tasu ulatuses, kuid kokku mitte rohkem kui kolm Eesti keskmist brutokuupalka t\u00f6\u00f6andja maksej\u00f5uetuks tunnistamisele eelnenud kvartalis Statistikaameti avaldatud andmete alusel;<\/li>\n<li>enne t\u00f6\u00f6andja maksej\u00f5uetuks tunnistamist saamata j\u00e4\u00e4nud puhkusetasu kuni t\u00f6\u00f6taja \u00fche kuu puhkusetasu ulatuses, kuid mitte rohkem kui \u00fcks Eesti keskmine brutokuupalk t\u00f6\u00f6andja maksej\u00f5uetuks tunnistamisele eelnenud kvartalis Statistikaameti avaldatud andmete alusel.<\/li>\n<li>enne v\u00f5i p\u00e4rast t\u00f6\u00f6andja maksej\u00f5uetuks tunnistamist t\u00f6\u00f6lepingu \u00fcles\u00fctlemisel saamata j\u00e4\u00e4nud h\u00fcvitised, mis on ette n\u00e4htud t\u00f6\u00f6lepingu seaduses kuni t\u00f6\u00f6taja kahe kuu keskmise brutot\u00f6\u00f6tasu ulatuses, kuid kokku mitte rohkem kui \u00fcks Eesti keskmine brutokuupalk t\u00f6\u00f6andja maksej\u00f5uetuks tunnistamisele eelnenud kvartalis Statistikaameti avaldatud andmete alusel.<\/li>\n<\/ol>\n<p style=\"text-align: justify\">H\u00fcvitise maksab\u00a0<a title=\"http:\/\/www.just.ee\/35037\" href=\"http:\/\/www.tootukassa.ee\/\" target=\"_blank\" rel=\"noopener\">Eesti T\u00f6\u00f6tukassa<\/a>. H\u00fcvitise maksmiseks esitab t\u00f6\u00f6tukassale taotluse pankrotihaldur v\u00f5i ajutine pankrotihaldur, mitte t\u00f6\u00f6taja ise. Otsus h\u00fcvitise m\u00e4\u00e4ramise v\u00f5i m\u00e4\u00e4ramata j\u00e4tmise kohta tehakse hiljemalt kolmek\u00fcmnendal p\u00e4eval avalduse vastuv\u00f5tmise p\u00e4evast arvates.<\/p>\n\t\n","protected":false},"excerpt":{"rendered":"","protected":false},"author":1,"featured_media":23409,"parent":12631,"menu_order":255,"comment_status":"closed","ping_status":"closed","template":"template_page_sidebar.php","meta":{"_acf_changed":false,"footnotes":""},"class_list":["post-805","page","type-page","status-publish","has-post-thumbnail","hentry"],"acf":[],"yoast_head":"<!-- This site is optimized with the Yoast SEO plugin v27.3 - https:\/\/yoast.com\/product\/yoast-seo-wordpress\/ -->\n<title>H\u00fcvitised t\u00f6\u00f6tajatele - Kohtut\u00e4iturite ja Pankrotihaldurite Koda<\/title>\n<meta name=\"robots\" content=\"index, follow, max-snippet:-1, max-image-preview:large, max-video-preview:-1\" \/>\n<link rel=\"canonical\" href=\"https:\/\/kpkoda.ee\/en\/huvitised-tootajatele\/\" \/>\n<meta property=\"og:locale\" content=\"en_US\" \/>\n<meta property=\"og:type\" content=\"article\" \/>\n<meta property=\"og:title\" content=\"H\u00fcvitised t\u00f6\u00f6tajatele - Kohtut\u00e4iturite ja Pankrotihaldurite Koda\" \/>\n<meta property=\"og:url\" content=\"https:\/\/kpkoda.ee\/en\/huvitised-tootajatele\/\" \/>\n<meta property=\"og:site_name\" content=\"Kohtut\u00e4iturite ja Pankrotihaldurite Koda\" \/>\n<meta property=\"article:modified_time\" content=\"2024-02-08T14:20:30+00:00\" \/>\n<meta name=\"twitter:card\" content=\"summary_large_image\" \/>\n<script type=\"application\/ld+json\" class=\"yoast-schema-graph\">{\"@context\":\"https:\\\/\\\/schema.org\",\"@graph\":[{\"@type\":\"WebPage\",\"@id\":\"https:\\\/\\\/kpkoda.ee\\\/en\\\/huvitised-tootajatele\\\/\",\"url\":\"https:\\\/\\\/kpkoda.ee\\\/en\\\/huvitised-tootajatele\\\/\",\"name\":\"H\u00fcvitised t\u00f6\u00f6tajatele - Kohtut\u00e4iturite ja Pankrotihaldurite Koda\",\"isPartOf\":{\"@id\":\"https:\\\/\\\/kpkoda.ee\\\/en\\\/#website\"},\"primaryImageOfPage\":{\"@id\":\"https:\\\/\\\/kpkoda.ee\\\/en\\\/huvitised-tootajatele\\\/#primaryimage\"},\"image\":{\"@id\":\"https:\\\/\\\/kpkoda.ee\\\/en\\\/huvitised-tootajatele\\\/#primaryimage\"},\"thumbnailUrl\":\"https:\\\/\\\/kpkoda.ee\\\/wp-content\\\/uploads\\\/2024\\\/06\\\/kpbl.jpg\",\"datePublished\":\"2018-12-20T07:15:11+00:00\",\"dateModified\":\"2024-02-08T14:20:30+00:00\",\"breadcrumb\":{\"@id\":\"https:\\\/\\\/kpkoda.ee\\\/en\\\/huvitised-tootajatele\\\/#breadcrumb\"},\"inLanguage\":\"en-US\",\"potentialAction\":[{\"@type\":\"ReadAction\",\"target\":[\"https:\\\/\\\/kpkoda.ee\\\/en\\\/huvitised-tootajatele\\\/\"]}]},{\"@type\":\"ImageObject\",\"inLanguage\":\"en-US\",\"@id\":\"https:\\\/\\\/kpkoda.ee\\\/en\\\/huvitised-tootajatele\\\/#primaryimage\",\"url\":\"https:\\\/\\\/kpkoda.ee\\\/wp-content\\\/uploads\\\/2024\\\/06\\\/kpbl.jpg\",\"contentUrl\":\"https:\\\/\\\/kpkoda.ee\\\/wp-content\\\/uploads\\\/2024\\\/06\\\/kpbl.jpg\",\"width\":640,\"height\":400},{\"@type\":\"BreadcrumbList\",\"@id\":\"https:\\\/\\\/kpkoda.ee\\\/en\\\/huvitised-tootajatele\\\/#breadcrumb\",\"itemListElement\":[{\"@type\":\"ListItem\",\"position\":1,\"name\":\"Home\",\"item\":\"https:\\\/\\\/kpkoda.ee\\\/en\\\/\"},{\"@type\":\"ListItem\",\"position\":2,\"name\":\"Trustees in Bankruptcy\",\"item\":\"https:\\\/\\\/kpkoda.ee\\\/en\\\/pankrotihaldurid\\\/\"},{\"@type\":\"ListItem\",\"position\":3,\"name\":\"H\u00fcvitised t\u00f6\u00f6tajatele\"}]},{\"@type\":\"WebSite\",\"@id\":\"https:\\\/\\\/kpkoda.ee\\\/en\\\/#website\",\"url\":\"https:\\\/\\\/kpkoda.ee\\\/en\\\/\",\"name\":\"Kohtut\u00e4iturite ja Pankrotihaldurite Koda\",\"description\":\"Kohtut\u00e4iturite ja Pankrotihaldurite Koda\",\"potentialAction\":[{\"@type\":\"SearchAction\",\"target\":{\"@type\":\"EntryPoint\",\"urlTemplate\":\"https:\\\/\\\/kpkoda.ee\\\/en\\\/?s={search_term_string}\"},\"query-input\":{\"@type\":\"PropertyValueSpecification\",\"valueRequired\":true,\"valueName\":\"search_term_string\"}}],\"inLanguage\":\"en-US\"}]}<\/script>\n<!-- \/ Yoast SEO plugin. -->","yoast_head_json":{"title":"H\u00fcvitised t\u00f6\u00f6tajatele - Kohtut\u00e4iturite ja Pankrotihaldurite Koda","robots":{"index":"index","follow":"follow","max-snippet":"max-snippet:-1","max-image-preview":"max-image-preview:large","max-video-preview":"max-video-preview:-1"},"canonical":"https:\/\/kpkoda.ee\/en\/huvitised-tootajatele\/","og_locale":"en_US","og_type":"article","og_title":"H\u00fcvitised t\u00f6\u00f6tajatele - Kohtut\u00e4iturite ja Pankrotihaldurite Koda","og_url":"https:\/\/kpkoda.ee\/en\/huvitised-tootajatele\/","og_site_name":"Kohtut\u00e4iturite ja Pankrotihaldurite Koda","article_modified_time":"2024-02-08T14:20:30+00:00","twitter_card":"summary_large_image","schema":{"@context":"https:\/\/schema.org","@graph":[{"@type":"WebPage","@id":"https:\/\/kpkoda.ee\/en\/huvitised-tootajatele\/","url":"https:\/\/kpkoda.ee\/en\/huvitised-tootajatele\/","name":"H\u00fcvitised t\u00f6\u00f6tajatele - Kohtut\u00e4iturite ja Pankrotihaldurite Koda","isPartOf":{"@id":"https:\/\/kpkoda.ee\/en\/#website"},"primaryImageOfPage":{"@id":"https:\/\/kpkoda.ee\/en\/huvitised-tootajatele\/#primaryimage"},"image":{"@id":"https:\/\/kpkoda.ee\/en\/huvitised-tootajatele\/#primaryimage"},"thumbnailUrl":"https:\/\/kpkoda.ee\/wp-content\/uploads\/2024\/06\/kpbl.jpg","datePublished":"2018-12-20T07:15:11+00:00","dateModified":"2024-02-08T14:20:30+00:00","breadcrumb":{"@id":"https:\/\/kpkoda.ee\/en\/huvitised-tootajatele\/#breadcrumb"},"inLanguage":"en-US","potentialAction":[{"@type":"ReadAction","target":["https:\/\/kpkoda.ee\/en\/huvitised-tootajatele\/"]}]},{"@type":"ImageObject","inLanguage":"en-US","@id":"https:\/\/kpkoda.ee\/en\/huvitised-tootajatele\/#primaryimage","url":"https:\/\/kpkoda.ee\/wp-content\/uploads\/2024\/06\/kpbl.jpg","contentUrl":"https:\/\/kpkoda.ee\/wp-content\/uploads\/2024\/06\/kpbl.jpg","width":640,"height":400},{"@type":"BreadcrumbList","@id":"https:\/\/kpkoda.ee\/en\/huvitised-tootajatele\/#breadcrumb","itemListElement":[{"@type":"ListItem","position":1,"name":"Home","item":"https:\/\/kpkoda.ee\/en\/"},{"@type":"ListItem","position":2,"name":"Trustees in Bankruptcy","item":"https:\/\/kpkoda.ee\/en\/pankrotihaldurid\/"},{"@type":"ListItem","position":3,"name":"H\u00fcvitised t\u00f6\u00f6tajatele"}]},{"@type":"WebSite","@id":"https:\/\/kpkoda.ee\/en\/#website","url":"https:\/\/kpkoda.ee\/en\/","name":"Kohtut\u00e4iturite ja Pankrotihaldurite Koda","description":"Kohtut\u00e4iturite ja Pankrotihaldurite Koda","potentialAction":[{"@type":"SearchAction","target":{"@type":"EntryPoint","urlTemplate":"https:\/\/kpkoda.ee\/en\/?s={search_term_string}"},"query-input":{"@type":"PropertyValueSpecification","valueRequired":true,"valueName":"search_term_string"}}],"inLanguage":"en-US"}]}},"_links":{"self":[{"href":"https:\/\/kpkoda.ee\/en\/wp-json\/wp\/v2\/pages\/805","targetHints":{"allow":["GET"]}}],"collection":[{"href":"https:\/\/kpkoda.ee\/en\/wp-json\/wp\/v2\/pages"}],"about":[{"href":"https:\/\/kpkoda.ee\/en\/wp-json\/wp\/v2\/types\/page"}],"author":[{"embeddable":true,"href":"https:\/\/kpkoda.ee\/en\/wp-json\/wp\/v2\/users\/1"}],"replies":[{"embeddable":true,"href":"https:\/\/kpkoda.ee\/en\/wp-json\/wp\/v2\/comments?post=805"}],"version-history":[{"count":5,"href":"https:\/\/kpkoda.ee\/en\/wp-json\/wp\/v2\/pages\/805\/revisions"}],"predecessor-version":[{"id":22619,"href":"https:\/\/kpkoda.ee\/en\/wp-json\/wp\/v2\/pages\/805\/revisions\/22619"}],"up":[{"embeddable":true,"href":"https:\/\/kpkoda.ee\/en\/wp-json\/wp\/v2\/pages\/12631"}],"wp:featuredmedia":[{"embeddable":true,"href":"https:\/\/kpkoda.ee\/en\/wp-json\/wp\/v2\/media\/23409"}],"wp:attachment":[{"href":"https:\/\/kpkoda.ee\/en\/wp-json\/wp\/v2\/media?parent=805"}],"curies":[{"name":"wp","href":"https:\/\/api.w.org\/{rel}","templated":true}]}}