{"id":791,"date":"2018-12-19T07:22:07","date_gmt":"2018-12-19T07:22:07","guid":{"rendered":"https:\/\/kpkoda.ee\/kohtutaiturid\/tootasu-arestimise-skeem\/"},"modified":"2026-04-10T06:49:50","modified_gmt":"2026-04-10T06:49:50","slug":"tootasu-arestimise-skeem","status":"publish","type":"page","link":"https:\/\/kpkoda.ee\/en\/kohtutaiturid\/tootasu-arestimise-skeem\/","title":{"rendered":"T\u00f6\u00f6tasu arestimise skeem"},"content":{"rendered":"<h2 style=\"text-align: justify\"><strong>T\u00f6\u00f6tasu v\u00f5i muu sellesarnase sissetuleku maksmise n\u00f5ude arestimise skeem<\/strong><\/h2>\n<p style=\"text-align: justify\">T\u00f6\u00f6tasu v\u00f5i muu sellesarnase sissetuleku maksmise n\u00f5ude\u00a0arestimise skeem on t\u00e4itemenetluse seadustiku \u00a7 132 alusel loodud valemite kogum, mille abil saavad erinevad t\u00e4itemenetlusega seotud isikud lihtsalt v\u00e4lja arvestada arestitava summa suuruse.\u00a0<strong>T\u00f6\u00f6tasu arestimise skeem kehtib vaid nendel juhtudel, kus v\u00f5lgniku sissetulek \u00fcletab mittearestitavat summat ja kohtut\u00e4itur ei ole arestinud t\u00f6\u00f6tasu alamm\u00e4\u00e4ra t\u00e4itemenetluse seadustiku \u00a7 132 lg 1<sup>2<\/sup> alusel.<\/strong>\u00a0Muudel juhtudel tuleb konsulteerida t\u00e4iteasja menetleva kohtut\u00e4ituriga.<\/p>\n<p style=\"text-align: justify\">Sissetulekuks loetakse eelk\u00f5ige v\u00f5lgniku t\u00f6\u00f6tasu v\u00f5i muud sellesarnast tasu, p\u00e4evaraha, konkurentsist hoidumise tasu, intellektuaalse omandi \u00fcleandmisest v\u00f5i kasutada andmisest saadavat tasu, pensioni, dividende ning kaupa, teenust, loonustasu v\u00f5i rahaliselt hinnatavat soodustust, mida isik on saanud seoses t\u00f6\u00f6- v\u00f5i teenistussuhtega, juriidilise isiku juhtimis- v\u00f5i kontrollorgani liikmeks olekuga v\u00f5i pikaajalise lepingulise suhtega.<\/p>\n<p style=\"text-align: justify\">Sissen\u00f5uet ei saa p\u00f6\u00f6rata j\u00e4rgmistele sissetulekutele:<\/p>\n<ol style=\"text-align: justify\">\n<li>riiklikud peretoetused;<\/li>\n<li>puudega inimese sotsiaaltoetus;<\/li>\n<li>sotsiaaltoetus sotsiaalhoolekande seaduse t\u00e4henduses;<\/li>\n<li>Eesti T\u00f6\u00f6tukassa kaudu makstud stipendium, s\u00f5idu- ja majutustoetus ning toetus ettev\u00f5tluse alustamiseks;<\/li>\n<li>kehavigastuse v\u00f5i terviserikke tekitamise t\u00f5ttu makstav h\u00fcvitis, v\u00e4lja arvatud h\u00fcvitis kaotatud sissetuleku eest, ja mittevaralise kahju h\u00fcvitis;<\/li>\n<li>t\u00f6\u00f6v\u00f5imetoetus;<\/li>\n<li>seadusel p\u00f5hinev elatis;<\/li>\n<li>rahaline ravikindlustush\u00fcvitis ravikindlustuse seaduse t\u00e4henduses, v\u00e4lja arvatud ajutise t\u00f6\u00f6v\u00f5imetuse h\u00fcvitis;<\/li>\n<li>riiklik pension seaduses s\u00e4testatud ulatuses;<\/li>\n<li>vanglast vabanemise toetus;<\/li>\n<li>okupatsioonire\u017eiimide poolt represseeritud isiku seaduse alusel makstav represseeritu toetus.<\/li>\n<\/ol>\n<p style=\"text-align: justify\">Sissetuleku arestimisel ei loeta sissetuleku hulka makse ega kohustusliku kogumispensioni, ravikindlustuse ning t\u00f6\u00f6tuskindlustuse makseid. Sissen\u00f5udja avalduse alusel v\u00f5ib p\u00f6\u00f6rata sissen\u00f5ude punktides 5-7 nimetatud sissetulekule, kui sissen\u00f5ude p\u00f6\u00f6ramine v\u00f5lgniku muule varale ei ole viinud v\u00f5i eeldatavalt ei vii sissen\u00f5udja n\u00f5ude t\u00e4ielikule rahuldamisele ning kui arestimine on n\u00f5ude liiki ja sissetuleku suurust arvestades \u00f5iglane. Kohtut\u00e4itur kuulab enne otsuse tegemist v\u00f5imaluse korral v\u00f5lgniku \u00e4ra.<\/p>\n<p style=\"text-align: justify\">Alates 2026. aasta 1. aprilliston t\u00f6\u00f6tasu alamm\u00e4\u00e4r tunnis 5,67 eurot. T\u00f6\u00f6tasu alamm\u00e4\u00e4r kuus t\u00e4ist\u00f6\u00f6ajaga t\u00f6\u00f6tamise korral on 946 eurot. (vt: <a href=\"https:\/\/www.emta.ee\/ariklient\/maksud-ja-tasumine\/tulumaks-ja-sotsiaalmaks\/maksumaarad\">T\u00f6\u00f6tasu alamm\u00e4\u00e4rad<\/a>)<\/p>\n<h3 style=\"text-align: justify\"><strong>Avalik fail:<\/strong><\/h3>\n<ul>\n<li style=\"text-align: justify\"><a href=\"https:\/\/kpkoda.ee\/wp-content\/uploads\/public\/tootasu-arestimise-skeem-av-2019-elatis.xlsx\">T\u00f6\u00f6tasu arestimise skeem elatisn\u00f5udes<\/a><\/li>\n<li style=\"text-align: justify\"><a href=\"https:\/\/kpkoda.ee\/wp-content\/uploads\/public\/tootasu-arestimise-skeem-av-2019.xlsx\">T\u00f6\u00f6tasu arestimise skeem<\/a><\/li>\n<li style=\"text-align: justify\"><a href=\"https:\/\/kpkoda.ee\/wp-content\/uploads\/public\/tootasu-arestimise-skeem-av-2019-ilma-tootuskindlustuseta.xlsx\">T\u00f6\u00f6tasu arestimise skeem (kui sissetulekult ei peeta kinni t\u00f6\u00f6tuskindlustusmakset)<\/a><\/li>\n<\/ul>\n\t\n","protected":false},"excerpt":{"rendered":"","protected":false},"author":1,"featured_media":23410,"parent":12586,"menu_order":246,"comment_status":"closed","ping_status":"closed","template":"template_page_sidebar.php","meta":{"_acf_changed":false,"footnotes":""},"class_list":["post-791","page","type-page","status-publish","has-post-thumbnail","hentry"],"acf":[],"yoast_head":"<!-- This site is optimized with the Yoast SEO plugin v27.3 - https:\/\/yoast.com\/product\/yoast-seo-wordpress\/ -->\n<title>T\u00f6\u00f6tasu arestimise skeem - Kohtut\u00e4iturite ja Pankrotihaldurite Koda<\/title>\n<meta name=\"robots\" content=\"index, follow, max-snippet:-1, max-image-preview:large, max-video-preview:-1\" \/>\n<link rel=\"canonical\" href=\"https:\/\/kpkoda.ee\/en\/kohtutaiturid\/tootasu-arestimise-skeem\/\" \/>\n<meta property=\"og:locale\" content=\"en_US\" \/>\n<meta property=\"og:type\" content=\"article\" \/>\n<meta property=\"og:title\" content=\"T\u00f6\u00f6tasu arestimise skeem - Kohtut\u00e4iturite ja Pankrotihaldurite Koda\" \/>\n<meta property=\"og:url\" content=\"https:\/\/kpkoda.ee\/en\/kohtutaiturid\/tootasu-arestimise-skeem\/\" \/>\n<meta property=\"og:site_name\" content=\"Kohtut\u00e4iturite ja Pankrotihaldurite Koda\" \/>\n<meta property=\"article:modified_time\" content=\"2026-04-10T06:49:50+00:00\" \/>\n<meta property=\"og:image\" content=\"https:\/\/kpkoda.ee\/wp-content\/uploads\/2024\/06\/kpbl.jpg\" \/>\n\t<meta property=\"og:image:width\" content=\"640\" \/>\n\t<meta property=\"og:image:height\" content=\"400\" \/>\n\t<meta property=\"og:image:type\" content=\"image\/jpeg\" \/>\n<meta name=\"twitter:card\" content=\"summary_large_image\" \/>\n<script type=\"application\/ld+json\" class=\"yoast-schema-graph\">{\"@context\":\"https:\\\/\\\/schema.org\",\"@graph\":[{\"@type\":\"WebPage\",\"@id\":\"https:\\\/\\\/kpkoda.ee\\\/en\\\/kohtutaiturid\\\/tootasu-arestimise-skeem\\\/\",\"url\":\"https:\\\/\\\/kpkoda.ee\\\/en\\\/kohtutaiturid\\\/tootasu-arestimise-skeem\\\/\",\"name\":\"T\u00f6\u00f6tasu arestimise skeem - Kohtut\u00e4iturite ja Pankrotihaldurite Koda\",\"isPartOf\":{\"@id\":\"https:\\\/\\\/kpkoda.ee\\\/en\\\/#website\"},\"primaryImageOfPage\":{\"@id\":\"https:\\\/\\\/kpkoda.ee\\\/en\\\/kohtutaiturid\\\/tootasu-arestimise-skeem\\\/#primaryimage\"},\"image\":{\"@id\":\"https:\\\/\\\/kpkoda.ee\\\/en\\\/kohtutaiturid\\\/tootasu-arestimise-skeem\\\/#primaryimage\"},\"thumbnailUrl\":\"https:\\\/\\\/kpkoda.ee\\\/wp-content\\\/uploads\\\/2024\\\/06\\\/kpbl.jpg\",\"datePublished\":\"2018-12-19T07:22:07+00:00\",\"dateModified\":\"2026-04-10T06:49:50+00:00\",\"breadcrumb\":{\"@id\":\"https:\\\/\\\/kpkoda.ee\\\/en\\\/kohtutaiturid\\\/tootasu-arestimise-skeem\\\/#breadcrumb\"},\"inLanguage\":\"en-US\",\"potentialAction\":[{\"@type\":\"ReadAction\",\"target\":[\"https:\\\/\\\/kpkoda.ee\\\/en\\\/kohtutaiturid\\\/tootasu-arestimise-skeem\\\/\"]}]},{\"@type\":\"ImageObject\",\"inLanguage\":\"en-US\",\"@id\":\"https:\\\/\\\/kpkoda.ee\\\/en\\\/kohtutaiturid\\\/tootasu-arestimise-skeem\\\/#primaryimage\",\"url\":\"https:\\\/\\\/kpkoda.ee\\\/wp-content\\\/uploads\\\/2024\\\/06\\\/kpbl.jpg\",\"contentUrl\":\"https:\\\/\\\/kpkoda.ee\\\/wp-content\\\/uploads\\\/2024\\\/06\\\/kpbl.jpg\",\"width\":640,\"height\":400},{\"@type\":\"BreadcrumbList\",\"@id\":\"https:\\\/\\\/kpkoda.ee\\\/en\\\/kohtutaiturid\\\/tootasu-arestimise-skeem\\\/#breadcrumb\",\"itemListElement\":[{\"@type\":\"ListItem\",\"position\":1,\"name\":\"Home\",\"item\":\"https:\\\/\\\/kpkoda.ee\\\/en\\\/\"},{\"@type\":\"ListItem\",\"position\":2,\"name\":\"Enforcement agents\",\"item\":\"https:\\\/\\\/kpkoda.ee\\\/en\\\/bailiffsinfo\\\/\"},{\"@type\":\"ListItem\",\"position\":3,\"name\":\"T\u00f6\u00f6tasu arestimise skeem\"}]},{\"@type\":\"WebSite\",\"@id\":\"https:\\\/\\\/kpkoda.ee\\\/en\\\/#website\",\"url\":\"https:\\\/\\\/kpkoda.ee\\\/en\\\/\",\"name\":\"Kohtut\u00e4iturite ja Pankrotihaldurite Koda\",\"description\":\"Kohtut\u00e4iturite ja Pankrotihaldurite Koda\",\"potentialAction\":[{\"@type\":\"SearchAction\",\"target\":{\"@type\":\"EntryPoint\",\"urlTemplate\":\"https:\\\/\\\/kpkoda.ee\\\/en\\\/?s={search_term_string}\"},\"query-input\":{\"@type\":\"PropertyValueSpecification\",\"valueRequired\":true,\"valueName\":\"search_term_string\"}}],\"inLanguage\":\"en-US\"}]}<\/script>\n<!-- \/ Yoast SEO plugin. -->","yoast_head_json":{"title":"T\u00f6\u00f6tasu arestimise skeem - Kohtut\u00e4iturite ja Pankrotihaldurite Koda","robots":{"index":"index","follow":"follow","max-snippet":"max-snippet:-1","max-image-preview":"max-image-preview:large","max-video-preview":"max-video-preview:-1"},"canonical":"https:\/\/kpkoda.ee\/en\/kohtutaiturid\/tootasu-arestimise-skeem\/","og_locale":"en_US","og_type":"article","og_title":"T\u00f6\u00f6tasu arestimise skeem - Kohtut\u00e4iturite ja Pankrotihaldurite Koda","og_url":"https:\/\/kpkoda.ee\/en\/kohtutaiturid\/tootasu-arestimise-skeem\/","og_site_name":"Kohtut\u00e4iturite ja Pankrotihaldurite Koda","article_modified_time":"2026-04-10T06:49:50+00:00","og_image":[{"width":640,"height":400,"url":"https:\/\/kpkoda.ee\/wp-content\/uploads\/2024\/06\/kpbl.jpg","type":"image\/jpeg"}],"twitter_card":"summary_large_image","schema":{"@context":"https:\/\/schema.org","@graph":[{"@type":"WebPage","@id":"https:\/\/kpkoda.ee\/en\/kohtutaiturid\/tootasu-arestimise-skeem\/","url":"https:\/\/kpkoda.ee\/en\/kohtutaiturid\/tootasu-arestimise-skeem\/","name":"T\u00f6\u00f6tasu arestimise skeem - Kohtut\u00e4iturite ja Pankrotihaldurite Koda","isPartOf":{"@id":"https:\/\/kpkoda.ee\/en\/#website"},"primaryImageOfPage":{"@id":"https:\/\/kpkoda.ee\/en\/kohtutaiturid\/tootasu-arestimise-skeem\/#primaryimage"},"image":{"@id":"https:\/\/kpkoda.ee\/en\/kohtutaiturid\/tootasu-arestimise-skeem\/#primaryimage"},"thumbnailUrl":"https:\/\/kpkoda.ee\/wp-content\/uploads\/2024\/06\/kpbl.jpg","datePublished":"2018-12-19T07:22:07+00:00","dateModified":"2026-04-10T06:49:50+00:00","breadcrumb":{"@id":"https:\/\/kpkoda.ee\/en\/kohtutaiturid\/tootasu-arestimise-skeem\/#breadcrumb"},"inLanguage":"en-US","potentialAction":[{"@type":"ReadAction","target":["https:\/\/kpkoda.ee\/en\/kohtutaiturid\/tootasu-arestimise-skeem\/"]}]},{"@type":"ImageObject","inLanguage":"en-US","@id":"https:\/\/kpkoda.ee\/en\/kohtutaiturid\/tootasu-arestimise-skeem\/#primaryimage","url":"https:\/\/kpkoda.ee\/wp-content\/uploads\/2024\/06\/kpbl.jpg","contentUrl":"https:\/\/kpkoda.ee\/wp-content\/uploads\/2024\/06\/kpbl.jpg","width":640,"height":400},{"@type":"BreadcrumbList","@id":"https:\/\/kpkoda.ee\/en\/kohtutaiturid\/tootasu-arestimise-skeem\/#breadcrumb","itemListElement":[{"@type":"ListItem","position":1,"name":"Home","item":"https:\/\/kpkoda.ee\/en\/"},{"@type":"ListItem","position":2,"name":"Enforcement agents","item":"https:\/\/kpkoda.ee\/en\/bailiffsinfo\/"},{"@type":"ListItem","position":3,"name":"T\u00f6\u00f6tasu arestimise skeem"}]},{"@type":"WebSite","@id":"https:\/\/kpkoda.ee\/en\/#website","url":"https:\/\/kpkoda.ee\/en\/","name":"Kohtut\u00e4iturite ja Pankrotihaldurite Koda","description":"Kohtut\u00e4iturite ja Pankrotihaldurite Koda","potentialAction":[{"@type":"SearchAction","target":{"@type":"EntryPoint","urlTemplate":"https:\/\/kpkoda.ee\/en\/?s={search_term_string}"},"query-input":{"@type":"PropertyValueSpecification","valueRequired":true,"valueName":"search_term_string"}}],"inLanguage":"en-US"}]}},"_links":{"self":[{"href":"https:\/\/kpkoda.ee\/en\/wp-json\/wp\/v2\/pages\/791","targetHints":{"allow":["GET"]}}],"collection":[{"href":"https:\/\/kpkoda.ee\/en\/wp-json\/wp\/v2\/pages"}],"about":[{"href":"https:\/\/kpkoda.ee\/en\/wp-json\/wp\/v2\/types\/page"}],"author":[{"embeddable":true,"href":"https:\/\/kpkoda.ee\/en\/wp-json\/wp\/v2\/users\/1"}],"replies":[{"embeddable":true,"href":"https:\/\/kpkoda.ee\/en\/wp-json\/wp\/v2\/comments?post=791"}],"version-history":[{"count":24,"href":"https:\/\/kpkoda.ee\/en\/wp-json\/wp\/v2\/pages\/791\/revisions"}],"predecessor-version":[{"id":27735,"href":"https:\/\/kpkoda.ee\/en\/wp-json\/wp\/v2\/pages\/791\/revisions\/27735"}],"up":[{"embeddable":true,"href":"https:\/\/kpkoda.ee\/en\/wp-json\/wp\/v2\/pages\/12586"}],"wp:featuredmedia":[{"embeddable":true,"href":"https:\/\/kpkoda.ee\/en\/wp-json\/wp\/v2\/media\/23410"}],"wp:attachment":[{"href":"https:\/\/kpkoda.ee\/en\/wp-json\/wp\/v2\/media?parent=791"}],"curies":[{"name":"wp","href":"https:\/\/api.w.org\/{rel}","templated":true}]}}