{"id":765,"date":"2018-12-19T07:28:53","date_gmt":"2018-12-19T07:28:53","guid":{"rendered":"https:\/\/kpkoda.ee\/kohtutaiturid\/taitemenetluse-register\/"},"modified":"2025-07-09T07:48:16","modified_gmt":"2025-07-09T07:48:16","slug":"taitemenetluse-register","status":"publish","type":"page","link":"https:\/\/kpkoda.ee\/en\/kohtutaiturid\/taitemenetluse-register\/","title":{"rendered":"T\u00e4itemenetluse register"},"content":{"rendered":"<p>Igal isikul on \u00f5igus saada teavet tema vastu esitatud n\u00f5uete rahuldamiseks teostatavate t\u00e4itetoimingute kohta (n\u00f5ude suurus, t\u00e4iteasja menetleva kohtut\u00e4ituri nimi ja t\u00e4iteasja number). Selleks on v\u00f5imalik esitada vastav p\u00e4ring kas Kohtut\u00e4iturite ja Pankrotihaldurite Kojale v\u00f5i otse T\u00e4itemenetluses osalevate isikute ja t\u00e4itetoimingute andmekogule l\u00e4bi kodanikuportaali\u00a0<a href=\"http:\/\/www.eesti.ee\/\" target=\"_blank\" rel=\"noopener\">eesti.ee<\/a>.<\/p>\n<p>P\u00e4ringu vastuses kuvatakse t\u00e4itemenetluse registris olevatele andmetele tuginevalt nii n\u00f5uete ja tasude algsumma kui ka j\u00e4\u00e4k. Tegelikkuses v\u00f5ivad need summad olla v\u00e4\u00e4rad, kuna kohtut\u00e4iturid arvestavad n\u00f5uete ja tasude t\u00e4itmist eraldiseisvas programmis ja m\u00f5ningatel juhtudel ei pruugi andmete uuendused olla t\u00e4itemenetluse registris registreeritud. N\u00f5uete suuruse v\u00f5i muu teabe t\u00e4psustamiseks palume kontakteeruda t\u00e4iteasja menetleva kohtut\u00e4ituriga. T\u00e4itemenetluse registris kajastuvad vaid kohtut\u00e4iturite menetluses olevad n\u00f5uded (reeglina j\u00f5ustunud kohtuotsuste v\u00f5i trahvin\u00f5uete alusel esitatud n\u00f5uded). Trahvide kohta, mida ei ole saadetud sundt\u00e4itmisele, saate infot karistusregistrist <a href=\"http:\/\/www.rik.ee\/et\/karistusregister\" target=\"_blank\" rel=\"noopener\">http:\/\/www.rik.ee\/et\/karistusregister<\/a>.<\/p>\n<p><strong>1. P\u00e4ringu esitamine l\u00e4bi kodanikuportaali<\/strong><\/p>\n<p>Esitades p\u00e4ringu l\u00e4bi kodanikuportaali\u00a0<a href=\"http:\/\/www.eesti.ee\">www.eesti.ee<\/a> jaotises <a href=\"https:\/\/www.eesti.ee\/et\/minu\/andmed\/notariaalsed-dokumentid-ja-taitetoimikud#minu-vastu-algatatud-taitetoimikud\">\u201cMinu vastu algatatud t\u00e4itetoimikud&#8221;<\/a>.<\/p>\n<p><strong>2. P\u00e4ringu esitamine Kohtut\u00e4iturite ja Pankrotihaldurite Koja kaudu<\/strong><\/p>\n<p>Kohtut\u00e4iturite ja Pankrotihaldurite Koda esitab Teie taotluse alusel v\u00e4ljav\u00f5tteid t\u00e4itemenetluse registrist.<\/p>\n<p>E-posti teel (<a href=\"mailto:info@kpkoda.ee\">info@kpkoda.ee<\/a>) esitatud taotlus peab olema digiallkirjastatud ja paberkandjal posti teel (Roosikrantsi 8b, Tallinn 10119) esitatud taotlusele tuleb lisada isikut t\u00f5endava dokumendi koopia.<\/p>\n<p>Taotluses m\u00e4rkige\u00a0\u00e4ra:<\/p>\n<ol>\n<li>taotleja ees- ja perekonnanimi, isikukood;<\/li>\n<li>teabe taotlemise eesm\u00e4rk;<\/li>\n<li>milliseid andmeid soovite;<\/li>\n<li>aadress, kuhu vastus saata.<\/li>\n<\/ol>\n<p><strong>Isikut t\u00f5endava dokumendi alusel v\u00e4ljastab Koda paberkandjal v\u00e4ljav\u00f5tte esmasp\u00e4eviti ja kolmap\u00e4eviti kella 9:30-12:00 ja 13:00-16:30.<\/strong><\/p>\n<p>Teise isiku kohta andmete saamiseks lisage taotlusele seaduslikku alust t\u00f5endav dokument (volikiri, eestkosteotsus).<\/p>\n<p>Teave v\u00e4ljastatakse tasuta.<\/p>\n<p>&nbsp;<\/p>\n<p>Lisainformatsioon<\/p>\n<p>tel. 6461672<br \/>\n<a href=\"mailto:info@kpkoda.ee\">info@kpkoda.ee<\/a><\/p>\n\t\n","protected":false},"excerpt":{"rendered":"","protected":false},"author":1,"featured_media":23410,"parent":12586,"menu_order":227,"comment_status":"closed","ping_status":"closed","template":"template_page_sidebar.php","meta":{"_acf_changed":false,"footnotes":""},"class_list":["post-765","page","type-page","status-publish","has-post-thumbnail","hentry"],"acf":[],"yoast_head":"<!-- This site is optimized with the Yoast SEO plugin v27.3 - https:\/\/yoast.com\/product\/yoast-seo-wordpress\/ -->\n<title>T\u00e4itemenetluse register - Kohtut\u00e4iturite ja Pankrotihaldurite Koda<\/title>\n<meta name=\"robots\" content=\"index, follow, max-snippet:-1, max-image-preview:large, max-video-preview:-1\" \/>\n<link rel=\"canonical\" href=\"https:\/\/kpkoda.ee\/en\/kohtutaiturid\/taitemenetluse-register\/\" \/>\n<meta property=\"og:locale\" content=\"en_US\" \/>\n<meta property=\"og:type\" content=\"article\" \/>\n<meta property=\"og:title\" content=\"T\u00e4itemenetluse register - Kohtut\u00e4iturite ja Pankrotihaldurite Koda\" \/>\n<meta property=\"og:url\" content=\"https:\/\/kpkoda.ee\/en\/kohtutaiturid\/taitemenetluse-register\/\" \/>\n<meta property=\"og:site_name\" content=\"Kohtut\u00e4iturite ja Pankrotihaldurite Koda\" \/>\n<meta property=\"article:modified_time\" content=\"2025-07-09T07:48:16+00:00\" \/>\n<meta property=\"og:image\" content=\"https:\/\/kpkoda.ee\/wp-content\/uploads\/2024\/06\/kpbl.jpg\" \/>\n\t<meta property=\"og:image:width\" content=\"640\" \/>\n\t<meta property=\"og:image:height\" content=\"400\" \/>\n\t<meta property=\"og:image:type\" content=\"image\/jpeg\" \/>\n<meta name=\"twitter:card\" content=\"summary_large_image\" \/>\n<script type=\"application\/ld+json\" class=\"yoast-schema-graph\">{\"@context\":\"https:\\\/\\\/schema.org\",\"@graph\":[{\"@type\":\"WebPage\",\"@id\":\"https:\\\/\\\/kpkoda.ee\\\/en\\\/kohtutaiturid\\\/taitemenetluse-register\\\/\",\"url\":\"https:\\\/\\\/kpkoda.ee\\\/en\\\/kohtutaiturid\\\/taitemenetluse-register\\\/\",\"name\":\"T\u00e4itemenetluse register - Kohtut\u00e4iturite ja Pankrotihaldurite Koda\",\"isPartOf\":{\"@id\":\"https:\\\/\\\/kpkoda.ee\\\/en\\\/#website\"},\"primaryImageOfPage\":{\"@id\":\"https:\\\/\\\/kpkoda.ee\\\/en\\\/kohtutaiturid\\\/taitemenetluse-register\\\/#primaryimage\"},\"image\":{\"@id\":\"https:\\\/\\\/kpkoda.ee\\\/en\\\/kohtutaiturid\\\/taitemenetluse-register\\\/#primaryimage\"},\"thumbnailUrl\":\"https:\\\/\\\/kpkoda.ee\\\/wp-content\\\/uploads\\\/2024\\\/06\\\/kpbl.jpg\",\"datePublished\":\"2018-12-19T07:28:53+00:00\",\"dateModified\":\"2025-07-09T07:48:16+00:00\",\"breadcrumb\":{\"@id\":\"https:\\\/\\\/kpkoda.ee\\\/en\\\/kohtutaiturid\\\/taitemenetluse-register\\\/#breadcrumb\"},\"inLanguage\":\"en-US\",\"potentialAction\":[{\"@type\":\"ReadAction\",\"target\":[\"https:\\\/\\\/kpkoda.ee\\\/en\\\/kohtutaiturid\\\/taitemenetluse-register\\\/\"]}]},{\"@type\":\"ImageObject\",\"inLanguage\":\"en-US\",\"@id\":\"https:\\\/\\\/kpkoda.ee\\\/en\\\/kohtutaiturid\\\/taitemenetluse-register\\\/#primaryimage\",\"url\":\"https:\\\/\\\/kpkoda.ee\\\/wp-content\\\/uploads\\\/2024\\\/06\\\/kpbl.jpg\",\"contentUrl\":\"https:\\\/\\\/kpkoda.ee\\\/wp-content\\\/uploads\\\/2024\\\/06\\\/kpbl.jpg\",\"width\":640,\"height\":400},{\"@type\":\"BreadcrumbList\",\"@id\":\"https:\\\/\\\/kpkoda.ee\\\/en\\\/kohtutaiturid\\\/taitemenetluse-register\\\/#breadcrumb\",\"itemListElement\":[{\"@type\":\"ListItem\",\"position\":1,\"name\":\"Home\",\"item\":\"https:\\\/\\\/kpkoda.ee\\\/en\\\/\"},{\"@type\":\"ListItem\",\"position\":2,\"name\":\"Enforcement agents\",\"item\":\"https:\\\/\\\/kpkoda.ee\\\/en\\\/bailiffsinfo\\\/\"},{\"@type\":\"ListItem\",\"position\":3,\"name\":\"T\u00e4itemenetluse register\"}]},{\"@type\":\"WebSite\",\"@id\":\"https:\\\/\\\/kpkoda.ee\\\/en\\\/#website\",\"url\":\"https:\\\/\\\/kpkoda.ee\\\/en\\\/\",\"name\":\"Kohtut\u00e4iturite ja Pankrotihaldurite Koda\",\"description\":\"Kohtut\u00e4iturite ja Pankrotihaldurite Koda\",\"potentialAction\":[{\"@type\":\"SearchAction\",\"target\":{\"@type\":\"EntryPoint\",\"urlTemplate\":\"https:\\\/\\\/kpkoda.ee\\\/en\\\/?s={search_term_string}\"},\"query-input\":{\"@type\":\"PropertyValueSpecification\",\"valueRequired\":true,\"valueName\":\"search_term_string\"}}],\"inLanguage\":\"en-US\"}]}<\/script>\n<!-- \/ Yoast SEO plugin. -->","yoast_head_json":{"title":"T\u00e4itemenetluse register - Kohtut\u00e4iturite ja Pankrotihaldurite Koda","robots":{"index":"index","follow":"follow","max-snippet":"max-snippet:-1","max-image-preview":"max-image-preview:large","max-video-preview":"max-video-preview:-1"},"canonical":"https:\/\/kpkoda.ee\/en\/kohtutaiturid\/taitemenetluse-register\/","og_locale":"en_US","og_type":"article","og_title":"T\u00e4itemenetluse register - Kohtut\u00e4iturite ja Pankrotihaldurite Koda","og_url":"https:\/\/kpkoda.ee\/en\/kohtutaiturid\/taitemenetluse-register\/","og_site_name":"Kohtut\u00e4iturite ja Pankrotihaldurite Koda","article_modified_time":"2025-07-09T07:48:16+00:00","og_image":[{"width":640,"height":400,"url":"https:\/\/kpkoda.ee\/wp-content\/uploads\/2024\/06\/kpbl.jpg","type":"image\/jpeg"}],"twitter_card":"summary_large_image","schema":{"@context":"https:\/\/schema.org","@graph":[{"@type":"WebPage","@id":"https:\/\/kpkoda.ee\/en\/kohtutaiturid\/taitemenetluse-register\/","url":"https:\/\/kpkoda.ee\/en\/kohtutaiturid\/taitemenetluse-register\/","name":"T\u00e4itemenetluse register - Kohtut\u00e4iturite ja Pankrotihaldurite Koda","isPartOf":{"@id":"https:\/\/kpkoda.ee\/en\/#website"},"primaryImageOfPage":{"@id":"https:\/\/kpkoda.ee\/en\/kohtutaiturid\/taitemenetluse-register\/#primaryimage"},"image":{"@id":"https:\/\/kpkoda.ee\/en\/kohtutaiturid\/taitemenetluse-register\/#primaryimage"},"thumbnailUrl":"https:\/\/kpkoda.ee\/wp-content\/uploads\/2024\/06\/kpbl.jpg","datePublished":"2018-12-19T07:28:53+00:00","dateModified":"2025-07-09T07:48:16+00:00","breadcrumb":{"@id":"https:\/\/kpkoda.ee\/en\/kohtutaiturid\/taitemenetluse-register\/#breadcrumb"},"inLanguage":"en-US","potentialAction":[{"@type":"ReadAction","target":["https:\/\/kpkoda.ee\/en\/kohtutaiturid\/taitemenetluse-register\/"]}]},{"@type":"ImageObject","inLanguage":"en-US","@id":"https:\/\/kpkoda.ee\/en\/kohtutaiturid\/taitemenetluse-register\/#primaryimage","url":"https:\/\/kpkoda.ee\/wp-content\/uploads\/2024\/06\/kpbl.jpg","contentUrl":"https:\/\/kpkoda.ee\/wp-content\/uploads\/2024\/06\/kpbl.jpg","width":640,"height":400},{"@type":"BreadcrumbList","@id":"https:\/\/kpkoda.ee\/en\/kohtutaiturid\/taitemenetluse-register\/#breadcrumb","itemListElement":[{"@type":"ListItem","position":1,"name":"Home","item":"https:\/\/kpkoda.ee\/en\/"},{"@type":"ListItem","position":2,"name":"Enforcement agents","item":"https:\/\/kpkoda.ee\/en\/bailiffsinfo\/"},{"@type":"ListItem","position":3,"name":"T\u00e4itemenetluse register"}]},{"@type":"WebSite","@id":"https:\/\/kpkoda.ee\/en\/#website","url":"https:\/\/kpkoda.ee\/en\/","name":"Kohtut\u00e4iturite ja Pankrotihaldurite Koda","description":"Kohtut\u00e4iturite ja Pankrotihaldurite Koda","potentialAction":[{"@type":"SearchAction","target":{"@type":"EntryPoint","urlTemplate":"https:\/\/kpkoda.ee\/en\/?s={search_term_string}"},"query-input":{"@type":"PropertyValueSpecification","valueRequired":true,"valueName":"search_term_string"}}],"inLanguage":"en-US"}]}},"_links":{"self":[{"href":"https:\/\/kpkoda.ee\/en\/wp-json\/wp\/v2\/pages\/765","targetHints":{"allow":["GET"]}}],"collection":[{"href":"https:\/\/kpkoda.ee\/en\/wp-json\/wp\/v2\/pages"}],"about":[{"href":"https:\/\/kpkoda.ee\/en\/wp-json\/wp\/v2\/types\/page"}],"author":[{"embeddable":true,"href":"https:\/\/kpkoda.ee\/en\/wp-json\/wp\/v2\/users\/1"}],"replies":[{"embeddable":true,"href":"https:\/\/kpkoda.ee\/en\/wp-json\/wp\/v2\/comments?post=765"}],"version-history":[{"count":19,"href":"https:\/\/kpkoda.ee\/en\/wp-json\/wp\/v2\/pages\/765\/revisions"}],"predecessor-version":[{"id":26273,"href":"https:\/\/kpkoda.ee\/en\/wp-json\/wp\/v2\/pages\/765\/revisions\/26273"}],"up":[{"embeddable":true,"href":"https:\/\/kpkoda.ee\/en\/wp-json\/wp\/v2\/pages\/12586"}],"wp:featuredmedia":[{"embeddable":true,"href":"https:\/\/kpkoda.ee\/en\/wp-json\/wp\/v2\/media\/23410"}],"wp:attachment":[{"href":"https:\/\/kpkoda.ee\/en\/wp-json\/wp\/v2\/media?parent=765"}],"curies":[{"name":"wp","href":"https:\/\/api.w.org\/{rel}","templated":true}]}}