{"id":759,"date":"2018-12-19T07:18:50","date_gmt":"2018-12-19T07:18:50","guid":{"rendered":"https:\/\/kpkoda.ee\/kohtutaiturid\/kaebuse-esitamine\/"},"modified":"2025-01-24T08:40:13","modified_gmt":"2025-01-24T08:40:13","slug":"kaebuse-esitamine","status":"publish","type":"page","link":"https:\/\/kpkoda.ee\/en\/kohtutaiturid\/taitemenetlusest\/kaebuse-esitamine\/","title":{"rendered":"Kaebuse esitamine"},"content":{"rendered":"<p style=\"text-align: justify\">Kui Te ei ole rahul kohtut\u00e4ituri tegevusega, on Teil \u00f5igus esitada kaebus kohtut\u00e4ituri otsuse v\u00f5i tegevuse peale t\u00e4itedokumendi t\u00e4itmisel v\u00f5i t\u00e4itetoimingu tegemisest keeldumisel. Kaebus esitatakse kirjalikult ja vabas vormis, kuid sellest peab n\u00e4htuma:<\/p>\n<p style=\"text-align: justify\">a) kes kaebuse esitab;<br \/>\nb) millises t\u00e4iteasjas (menetluse number, v\u00f5lgniku v\u00f5i sissen\u00f5udja andmed);<br \/>\nc) millise toimingu peale kaebus esitatakse;<br \/>\nd) mida kohtut\u00e4iturile seoses t\u00e4itetoimingu l\u00e4biviimisega (v\u00f5i sellest keeldumisega) ette heidetakse;<br \/>\ne) mida kaebusega taotletakse.<\/p>\n<p style=\"text-align: justify\">Kaebus tuleb esitada k\u00fcmne p\u00e4eva jooksul alates p\u00e4evast, kui kaebuse esitaja sai teada v\u00f5i pidi teada saama otsuse v\u00f5i toimingu tegemisest, kui seaduses ei ole s\u00e4testatud teisiti. Kohtut\u00e4itur vaatab kaebuse l\u00e4bi menetlusosaliste osav\u00f5tul 15 p\u00e4eva jooksul, teeb l\u00e4bivaatamisest arvates 10 p\u00e4eva jooksul motiveeritud otsuse ja toimetab selle menetlusosalistele k\u00e4tte. Juhul, kui menetlusosaline ei ole rahul kaebuse osas kohtut\u00e4ituri poolt tehtud otsusega, on tal \u00f5igus esitada otsuse k\u00e4ttetoimetamisest arvates k\u00fcmne p\u00e4eva jooksul kaebus maakohtule, kelle t\u00f6\u00f6piirkonnas kohtut\u00e4ituri b\u00fcroo asub. N\u00e4iteks soovite esitada kaebust Rakvere kohtut\u00e4ituri tegevuse peale. Sellisel juhul tuleb teil esitada avaldus Viru Maakohtu Rakvere kohtumajale. K\u00f5ik kohtute kontaktandmed on k\u00e4ttesaadavad\u00a0<a href=\"https:\/\/www.kohus.ee\/\" target=\"_blank\" rel=\"noopener\">siit<\/a>. Kohtut\u00e4ituri otsuse v\u00f5i tegevuse peale ilma eelnevalt kohtut\u00e4iturile kaebust esitamata kohtule kaevata ei saa. Kohtusse kaebuse esitamisel, k.a. e-Toimiku kaudu, peate tasuma riigil\u00f5ivu 15 eurot. Kohtute kontod ja viitenumbrid on k\u00e4ttesaadavad\u00a0<a href=\"https:\/\/www.kohus.ee\/kohtusse-poordujale\/menetluskulud-ja-menetlusabi\/riigiloivu-tasumine-ja-tagastamine\">siit<\/a>.<\/p>\n\t\n","protected":false},"excerpt":{"rendered":"","protected":false},"author":1,"featured_media":23410,"parent":12592,"menu_order":231,"comment_status":"closed","ping_status":"closed","template":"template_page_sidebar.php","meta":{"_acf_changed":false,"footnotes":""},"class_list":["post-759","page","type-page","status-publish","has-post-thumbnail","hentry"],"acf":[],"yoast_head":"<!-- This site is optimized with the Yoast SEO plugin v26.8 - https:\/\/yoast.com\/product\/yoast-seo-wordpress\/ -->\n<title>Kaebuse esitamine - Kohtut\u00e4iturite ja Pankrotihaldurite Koda<\/title>\n<meta name=\"robots\" content=\"index, follow, max-snippet:-1, max-image-preview:large, max-video-preview:-1\" \/>\n<link rel=\"canonical\" href=\"https:\/\/kpkoda.ee\/en\/kohtutaiturid\/taitemenetlusest\/kaebuse-esitamine\/\" \/>\n<meta property=\"og:locale\" content=\"en_US\" \/>\n<meta property=\"og:type\" content=\"article\" \/>\n<meta property=\"og:title\" content=\"Kaebuse esitamine - Kohtut\u00e4iturite ja Pankrotihaldurite Koda\" \/>\n<meta property=\"og:url\" content=\"https:\/\/kpkoda.ee\/en\/kohtutaiturid\/taitemenetlusest\/kaebuse-esitamine\/\" \/>\n<meta property=\"og:site_name\" content=\"Kohtut\u00e4iturite ja Pankrotihaldurite Koda\" \/>\n<meta property=\"article:modified_time\" content=\"2025-01-24T08:40:13+00:00\" \/>\n<meta property=\"og:image\" content=\"https:\/\/kpkoda.ee\/wp-content\/uploads\/2024\/06\/kpbl.jpg\" \/>\n\t<meta property=\"og:image:width\" content=\"640\" \/>\n\t<meta property=\"og:image:height\" content=\"400\" \/>\n\t<meta property=\"og:image:type\" content=\"image\/jpeg\" \/>\n<meta name=\"twitter:card\" content=\"summary_large_image\" \/>\n<script type=\"application\/ld+json\" class=\"yoast-schema-graph\">{\"@context\":\"https:\/\/schema.org\",\"@graph\":[{\"@type\":\"WebPage\",\"@id\":\"https:\/\/kpkoda.ee\/en\/kohtutaiturid\/taitemenetlusest\/kaebuse-esitamine\/\",\"url\":\"https:\/\/kpkoda.ee\/en\/kohtutaiturid\/taitemenetlusest\/kaebuse-esitamine\/\",\"name\":\"Kaebuse esitamine - Kohtut\u00e4iturite ja Pankrotihaldurite Koda\",\"isPartOf\":{\"@id\":\"https:\/\/kpkoda.ee\/en\/#website\"},\"primaryImageOfPage\":{\"@id\":\"https:\/\/kpkoda.ee\/en\/kohtutaiturid\/taitemenetlusest\/kaebuse-esitamine\/#primaryimage\"},\"image\":{\"@id\":\"https:\/\/kpkoda.ee\/en\/kohtutaiturid\/taitemenetlusest\/kaebuse-esitamine\/#primaryimage\"},\"thumbnailUrl\":\"https:\/\/kpkoda.ee\/wp-content\/uploads\/2024\/06\/kpbl.jpg\",\"datePublished\":\"2018-12-19T07:18:50+00:00\",\"dateModified\":\"2025-01-24T08:40:13+00:00\",\"breadcrumb\":{\"@id\":\"https:\/\/kpkoda.ee\/en\/kohtutaiturid\/taitemenetlusest\/kaebuse-esitamine\/#breadcrumb\"},\"inLanguage\":\"en-US\",\"potentialAction\":[{\"@type\":\"ReadAction\",\"target\":[\"https:\/\/kpkoda.ee\/en\/kohtutaiturid\/taitemenetlusest\/kaebuse-esitamine\/\"]}]},{\"@type\":\"ImageObject\",\"inLanguage\":\"en-US\",\"@id\":\"https:\/\/kpkoda.ee\/en\/kohtutaiturid\/taitemenetlusest\/kaebuse-esitamine\/#primaryimage\",\"url\":\"https:\/\/kpkoda.ee\/wp-content\/uploads\/2024\/06\/kpbl.jpg\",\"contentUrl\":\"https:\/\/kpkoda.ee\/wp-content\/uploads\/2024\/06\/kpbl.jpg\",\"width\":640,\"height\":400},{\"@type\":\"BreadcrumbList\",\"@id\":\"https:\/\/kpkoda.ee\/en\/kohtutaiturid\/taitemenetlusest\/kaebuse-esitamine\/#breadcrumb\",\"itemListElement\":[{\"@type\":\"ListItem\",\"position\":1,\"name\":\"Home\",\"item\":\"https:\/\/kpkoda.ee\/en\/\"},{\"@type\":\"ListItem\",\"position\":2,\"name\":\"Enforcement agents\",\"item\":\"https:\/\/kpkoda.ee\/en\/bailiffsinfo\/\"},{\"@type\":\"ListItem\",\"position\":3,\"name\":\"About enforcement proceeding\",\"item\":\"https:\/\/kpkoda.ee\/en\/kohtutaiturid\/taitemenetlusest\/\"},{\"@type\":\"ListItem\",\"position\":4,\"name\":\"Kaebuse esitamine\"}]},{\"@type\":\"WebSite\",\"@id\":\"https:\/\/kpkoda.ee\/en\/#website\",\"url\":\"https:\/\/kpkoda.ee\/en\/\",\"name\":\"Kohtut\u00e4iturite ja Pankrotihaldurite Koda\",\"description\":\"Kohtut\u00e4iturite ja Pankrotihaldurite Koda\",\"potentialAction\":[{\"@type\":\"SearchAction\",\"target\":{\"@type\":\"EntryPoint\",\"urlTemplate\":\"https:\/\/kpkoda.ee\/en\/?s={search_term_string}\"},\"query-input\":{\"@type\":\"PropertyValueSpecification\",\"valueRequired\":true,\"valueName\":\"search_term_string\"}}],\"inLanguage\":\"en-US\"}]}<\/script>\n<!-- \/ Yoast SEO plugin. -->","yoast_head_json":{"title":"Kaebuse esitamine - Kohtut\u00e4iturite ja Pankrotihaldurite Koda","robots":{"index":"index","follow":"follow","max-snippet":"max-snippet:-1","max-image-preview":"max-image-preview:large","max-video-preview":"max-video-preview:-1"},"canonical":"https:\/\/kpkoda.ee\/en\/kohtutaiturid\/taitemenetlusest\/kaebuse-esitamine\/","og_locale":"en_US","og_type":"article","og_title":"Kaebuse esitamine - Kohtut\u00e4iturite ja Pankrotihaldurite Koda","og_url":"https:\/\/kpkoda.ee\/en\/kohtutaiturid\/taitemenetlusest\/kaebuse-esitamine\/","og_site_name":"Kohtut\u00e4iturite ja Pankrotihaldurite Koda","article_modified_time":"2025-01-24T08:40:13+00:00","og_image":[{"width":640,"height":400,"url":"https:\/\/kpkoda.ee\/wp-content\/uploads\/2024\/06\/kpbl.jpg","type":"image\/jpeg"}],"twitter_card":"summary_large_image","schema":{"@context":"https:\/\/schema.org","@graph":[{"@type":"WebPage","@id":"https:\/\/kpkoda.ee\/en\/kohtutaiturid\/taitemenetlusest\/kaebuse-esitamine\/","url":"https:\/\/kpkoda.ee\/en\/kohtutaiturid\/taitemenetlusest\/kaebuse-esitamine\/","name":"Kaebuse esitamine - Kohtut\u00e4iturite ja Pankrotihaldurite Koda","isPartOf":{"@id":"https:\/\/kpkoda.ee\/en\/#website"},"primaryImageOfPage":{"@id":"https:\/\/kpkoda.ee\/en\/kohtutaiturid\/taitemenetlusest\/kaebuse-esitamine\/#primaryimage"},"image":{"@id":"https:\/\/kpkoda.ee\/en\/kohtutaiturid\/taitemenetlusest\/kaebuse-esitamine\/#primaryimage"},"thumbnailUrl":"https:\/\/kpkoda.ee\/wp-content\/uploads\/2024\/06\/kpbl.jpg","datePublished":"2018-12-19T07:18:50+00:00","dateModified":"2025-01-24T08:40:13+00:00","breadcrumb":{"@id":"https:\/\/kpkoda.ee\/en\/kohtutaiturid\/taitemenetlusest\/kaebuse-esitamine\/#breadcrumb"},"inLanguage":"en-US","potentialAction":[{"@type":"ReadAction","target":["https:\/\/kpkoda.ee\/en\/kohtutaiturid\/taitemenetlusest\/kaebuse-esitamine\/"]}]},{"@type":"ImageObject","inLanguage":"en-US","@id":"https:\/\/kpkoda.ee\/en\/kohtutaiturid\/taitemenetlusest\/kaebuse-esitamine\/#primaryimage","url":"https:\/\/kpkoda.ee\/wp-content\/uploads\/2024\/06\/kpbl.jpg","contentUrl":"https:\/\/kpkoda.ee\/wp-content\/uploads\/2024\/06\/kpbl.jpg","width":640,"height":400},{"@type":"BreadcrumbList","@id":"https:\/\/kpkoda.ee\/en\/kohtutaiturid\/taitemenetlusest\/kaebuse-esitamine\/#breadcrumb","itemListElement":[{"@type":"ListItem","position":1,"name":"Home","item":"https:\/\/kpkoda.ee\/en\/"},{"@type":"ListItem","position":2,"name":"Enforcement agents","item":"https:\/\/kpkoda.ee\/en\/bailiffsinfo\/"},{"@type":"ListItem","position":3,"name":"About enforcement proceeding","item":"https:\/\/kpkoda.ee\/en\/kohtutaiturid\/taitemenetlusest\/"},{"@type":"ListItem","position":4,"name":"Kaebuse esitamine"}]},{"@type":"WebSite","@id":"https:\/\/kpkoda.ee\/en\/#website","url":"https:\/\/kpkoda.ee\/en\/","name":"Kohtut\u00e4iturite ja Pankrotihaldurite Koda","description":"Kohtut\u00e4iturite ja Pankrotihaldurite Koda","potentialAction":[{"@type":"SearchAction","target":{"@type":"EntryPoint","urlTemplate":"https:\/\/kpkoda.ee\/en\/?s={search_term_string}"},"query-input":{"@type":"PropertyValueSpecification","valueRequired":true,"valueName":"search_term_string"}}],"inLanguage":"en-US"}]}},"_links":{"self":[{"href":"https:\/\/kpkoda.ee\/en\/wp-json\/wp\/v2\/pages\/759","targetHints":{"allow":["GET"]}}],"collection":[{"href":"https:\/\/kpkoda.ee\/en\/wp-json\/wp\/v2\/pages"}],"about":[{"href":"https:\/\/kpkoda.ee\/en\/wp-json\/wp\/v2\/types\/page"}],"author":[{"embeddable":true,"href":"https:\/\/kpkoda.ee\/en\/wp-json\/wp\/v2\/users\/1"}],"replies":[{"embeddable":true,"href":"https:\/\/kpkoda.ee\/en\/wp-json\/wp\/v2\/comments?post=759"}],"version-history":[{"count":8,"href":"https:\/\/kpkoda.ee\/en\/wp-json\/wp\/v2\/pages\/759\/revisions"}],"predecessor-version":[{"id":25027,"href":"https:\/\/kpkoda.ee\/en\/wp-json\/wp\/v2\/pages\/759\/revisions\/25027"}],"up":[{"embeddable":true,"href":"https:\/\/kpkoda.ee\/en\/wp-json\/wp\/v2\/pages\/12592"}],"wp:featuredmedia":[{"embeddable":true,"href":"https:\/\/kpkoda.ee\/en\/wp-json\/wp\/v2\/media\/23410"}],"wp:attachment":[{"href":"https:\/\/kpkoda.ee\/en\/wp-json\/wp\/v2\/media?parent=759"}],"curies":[{"name":"wp","href":"https:\/\/api.w.org\/{rel}","templated":true}]}}