{"id":751,"date":"2018-12-19T07:36:40","date_gmt":"2018-12-19T07:36:40","guid":{"rendered":"https:\/\/kpkoda.ee\/kohtutaiturid\/avaliku-voimu-kandja-nouete-jaotamine\/"},"modified":"2025-01-01T13:37:52","modified_gmt":"2025-01-01T13:37:52","slug":"avaliku-voimu-kandja-nouete-jaotamine","status":"publish","type":"page","link":"https:\/\/kpkoda.ee\/en\/kohtutaiturid\/taitemenetlusest\/avaliku-voimu-kandja-nouete-jaotamine\/","title":{"rendered":"N\u00f5uete jaotamine"},"content":{"rendered":"<p style=\"text-align: justify\">Avaliku v\u00f5imu kandjast sissen\u00f5udjatel on v\u00f5imalik esitada oma n\u00f5uded kohtut\u00e4iturile sundt\u00e4itmisele p\u00f6\u00f6ramiseks Kohtut\u00e4iturite ja Pankrotihaldurite Koja (edaspidi Koda) vahendusel edastades vastavad n\u00f5uded Kojale avaliku v\u00f5imu kandja n\u00f5uete esitamise ja jaotamise infos\u00fcsteemi kaudu. Koja, Justiitsministeeriumi ning Registrite ja Infos\u00fcsteemide Keskuse koost\u00f6\u00f6s on valminud avaliku v\u00f5imu kandja n\u00f5uete esitamise ja jaotamise infos\u00fcsteem, mille kaudu tuleb avaliku v\u00f5imu kandjate n\u00f5udeid jaotada kohtut\u00e4ituritele alates 1. m\u00e4rtsist 2015.<\/p>\n<p style=\"text-align: justify\">Infos\u00fcsteemil e-T\u00e4itur on veebip\u00f5hine kasutajaliides, mis on k\u00e4ttesaadav internetiaadressil\u00a0<a href=\"https:\/\/etaitur.kpkoda.ee\/\" target=\"_blank\" rel=\"noopener\">https:\/\/etaitur.kpkoda.ee<\/a>. Juurdep\u00e4\u00e4su saamiseks infos\u00fcsteemile palume avaliku v\u00f5imu kandjatel saata Koja n\u00f5unikule Jaan L\u00f5\u00f5nikule (e-post:\u00a0<a href=\"mailto:nouded@kpkoda.ee\">nouded@kpkoda.ee<\/a>) asutuse:<\/p>\n<ol style=\"text-align: justify\">\n<li>registrij\u00e4rgne nimetus, registrikood, postiaadress, e-postiaadress, telefoninumber ja pangakonto number v\u00f5i numbrid;<\/li>\n<li>e-T\u00e4ituri infos\u00fcsteemi halduri nimi, isikukood, kontakttelefon ja e-postiaadress;<\/li>\n<li>soovi korral ka e-T\u00e4ituri infos\u00fcsteemi kasutaja nimi, isikukood, kontakttelefon ja e-postiaadress.<\/li>\n<\/ol>\n<p>Koja kontaktisik avaliku v\u00f5imu kandjate n\u00f5uete jaotamise korraldamise ja kasutajatoe k\u00fcsimustes on n\u00f5unik Jaan L\u00f5\u00f5nik (tel. 6464619, e-post:\u00a0<a href=\"mailto:nouded@kpkoda.ee\">nouded@kpkoda.ee<\/a>).<\/p>\n<h3 style=\"text-align: justify\"><strong>Avalik fail:\u00a0<\/strong><\/h3>\n<ul>\n<li style=\"text-align: justify\"><a title=\"ETIS - Sissen\u00f5udja Haldur Esindaja ja Kasutaja.pdf\" href=\"https:\/\/kpkoda.ee\/wp-content\/uploads\/2019\/02\/ETIS - Sissen\u00f5udja Haldur Esindaja ja Kasutaja.pdf\" target=\"_blank\" rel=\"noopener\">e-T\u00e4ituri infos\u00fcsteemi kasutusjuhend sissen\u00f5udjale<\/a><\/li>\n<\/ul>\n\t\n","protected":false},"excerpt":{"rendered":"","protected":false},"author":1,"featured_media":23410,"parent":12592,"menu_order":233,"comment_status":"closed","ping_status":"closed","template":"template_page_sidebar.php","meta":{"_acf_changed":false,"footnotes":""},"class_list":["post-751","page","type-page","status-publish","has-post-thumbnail","hentry"],"acf":[],"yoast_head":"<!-- This site is optimized with the Yoast SEO plugin v26.8 - https:\/\/yoast.com\/product\/yoast-seo-wordpress\/ -->\n<title>N\u00f5uete jaotamine - Kohtut\u00e4iturite ja Pankrotihaldurite Koda<\/title>\n<meta name=\"robots\" content=\"index, follow, max-snippet:-1, max-image-preview:large, max-video-preview:-1\" \/>\n<link rel=\"canonical\" href=\"https:\/\/kpkoda.ee\/en\/kohtutaiturid\/taitemenetlusest\/avaliku-voimu-kandja-nouete-jaotamine\/\" \/>\n<meta property=\"og:locale\" content=\"en_US\" \/>\n<meta property=\"og:type\" content=\"article\" \/>\n<meta property=\"og:title\" content=\"N\u00f5uete jaotamine - Kohtut\u00e4iturite ja Pankrotihaldurite Koda\" \/>\n<meta property=\"og:url\" content=\"https:\/\/kpkoda.ee\/en\/kohtutaiturid\/taitemenetlusest\/avaliku-voimu-kandja-nouete-jaotamine\/\" \/>\n<meta property=\"og:site_name\" content=\"Kohtut\u00e4iturite ja Pankrotihaldurite Koda\" \/>\n<meta property=\"article:modified_time\" content=\"2025-01-01T13:37:52+00:00\" \/>\n<meta property=\"og:image\" content=\"https:\/\/kpkoda.ee\/wp-content\/uploads\/2024\/06\/kpbl.jpg\" \/>\n\t<meta property=\"og:image:width\" content=\"640\" \/>\n\t<meta property=\"og:image:height\" content=\"400\" \/>\n\t<meta property=\"og:image:type\" content=\"image\/jpeg\" \/>\n<meta name=\"twitter:card\" content=\"summary_large_image\" \/>\n<script type=\"application\/ld+json\" class=\"yoast-schema-graph\">{\"@context\":\"https:\/\/schema.org\",\"@graph\":[{\"@type\":\"WebPage\",\"@id\":\"https:\/\/kpkoda.ee\/en\/kohtutaiturid\/taitemenetlusest\/avaliku-voimu-kandja-nouete-jaotamine\/\",\"url\":\"https:\/\/kpkoda.ee\/en\/kohtutaiturid\/taitemenetlusest\/avaliku-voimu-kandja-nouete-jaotamine\/\",\"name\":\"N\u00f5uete jaotamine - Kohtut\u00e4iturite ja Pankrotihaldurite Koda\",\"isPartOf\":{\"@id\":\"https:\/\/kpkoda.ee\/en\/#website\"},\"primaryImageOfPage\":{\"@id\":\"https:\/\/kpkoda.ee\/en\/kohtutaiturid\/taitemenetlusest\/avaliku-voimu-kandja-nouete-jaotamine\/#primaryimage\"},\"image\":{\"@id\":\"https:\/\/kpkoda.ee\/en\/kohtutaiturid\/taitemenetlusest\/avaliku-voimu-kandja-nouete-jaotamine\/#primaryimage\"},\"thumbnailUrl\":\"https:\/\/kpkoda.ee\/wp-content\/uploads\/2024\/06\/kpbl.jpg\",\"datePublished\":\"2018-12-19T07:36:40+00:00\",\"dateModified\":\"2025-01-01T13:37:52+00:00\",\"breadcrumb\":{\"@id\":\"https:\/\/kpkoda.ee\/en\/kohtutaiturid\/taitemenetlusest\/avaliku-voimu-kandja-nouete-jaotamine\/#breadcrumb\"},\"inLanguage\":\"en-US\",\"potentialAction\":[{\"@type\":\"ReadAction\",\"target\":[\"https:\/\/kpkoda.ee\/en\/kohtutaiturid\/taitemenetlusest\/avaliku-voimu-kandja-nouete-jaotamine\/\"]}]},{\"@type\":\"ImageObject\",\"inLanguage\":\"en-US\",\"@id\":\"https:\/\/kpkoda.ee\/en\/kohtutaiturid\/taitemenetlusest\/avaliku-voimu-kandja-nouete-jaotamine\/#primaryimage\",\"url\":\"https:\/\/kpkoda.ee\/wp-content\/uploads\/2024\/06\/kpbl.jpg\",\"contentUrl\":\"https:\/\/kpkoda.ee\/wp-content\/uploads\/2024\/06\/kpbl.jpg\",\"width\":640,\"height\":400},{\"@type\":\"BreadcrumbList\",\"@id\":\"https:\/\/kpkoda.ee\/en\/kohtutaiturid\/taitemenetlusest\/avaliku-voimu-kandja-nouete-jaotamine\/#breadcrumb\",\"itemListElement\":[{\"@type\":\"ListItem\",\"position\":1,\"name\":\"Home\",\"item\":\"https:\/\/kpkoda.ee\/en\/\"},{\"@type\":\"ListItem\",\"position\":2,\"name\":\"Enforcement agents\",\"item\":\"https:\/\/kpkoda.ee\/en\/bailiffsinfo\/\"},{\"@type\":\"ListItem\",\"position\":3,\"name\":\"About enforcement proceeding\",\"item\":\"https:\/\/kpkoda.ee\/en\/kohtutaiturid\/taitemenetlusest\/\"},{\"@type\":\"ListItem\",\"position\":4,\"name\":\"N\u00f5uete jaotamine\"}]},{\"@type\":\"WebSite\",\"@id\":\"https:\/\/kpkoda.ee\/en\/#website\",\"url\":\"https:\/\/kpkoda.ee\/en\/\",\"name\":\"Kohtut\u00e4iturite ja Pankrotihaldurite Koda\",\"description\":\"Kohtut\u00e4iturite ja Pankrotihaldurite Koda\",\"potentialAction\":[{\"@type\":\"SearchAction\",\"target\":{\"@type\":\"EntryPoint\",\"urlTemplate\":\"https:\/\/kpkoda.ee\/en\/?s={search_term_string}\"},\"query-input\":{\"@type\":\"PropertyValueSpecification\",\"valueRequired\":true,\"valueName\":\"search_term_string\"}}],\"inLanguage\":\"en-US\"}]}<\/script>\n<!-- \/ Yoast SEO plugin. -->","yoast_head_json":{"title":"N\u00f5uete jaotamine - Kohtut\u00e4iturite ja Pankrotihaldurite Koda","robots":{"index":"index","follow":"follow","max-snippet":"max-snippet:-1","max-image-preview":"max-image-preview:large","max-video-preview":"max-video-preview:-1"},"canonical":"https:\/\/kpkoda.ee\/en\/kohtutaiturid\/taitemenetlusest\/avaliku-voimu-kandja-nouete-jaotamine\/","og_locale":"en_US","og_type":"article","og_title":"N\u00f5uete jaotamine - Kohtut\u00e4iturite ja Pankrotihaldurite Koda","og_url":"https:\/\/kpkoda.ee\/en\/kohtutaiturid\/taitemenetlusest\/avaliku-voimu-kandja-nouete-jaotamine\/","og_site_name":"Kohtut\u00e4iturite ja Pankrotihaldurite Koda","article_modified_time":"2025-01-01T13:37:52+00:00","og_image":[{"width":640,"height":400,"url":"https:\/\/kpkoda.ee\/wp-content\/uploads\/2024\/06\/kpbl.jpg","type":"image\/jpeg"}],"twitter_card":"summary_large_image","schema":{"@context":"https:\/\/schema.org","@graph":[{"@type":"WebPage","@id":"https:\/\/kpkoda.ee\/en\/kohtutaiturid\/taitemenetlusest\/avaliku-voimu-kandja-nouete-jaotamine\/","url":"https:\/\/kpkoda.ee\/en\/kohtutaiturid\/taitemenetlusest\/avaliku-voimu-kandja-nouete-jaotamine\/","name":"N\u00f5uete jaotamine - Kohtut\u00e4iturite ja Pankrotihaldurite Koda","isPartOf":{"@id":"https:\/\/kpkoda.ee\/en\/#website"},"primaryImageOfPage":{"@id":"https:\/\/kpkoda.ee\/en\/kohtutaiturid\/taitemenetlusest\/avaliku-voimu-kandja-nouete-jaotamine\/#primaryimage"},"image":{"@id":"https:\/\/kpkoda.ee\/en\/kohtutaiturid\/taitemenetlusest\/avaliku-voimu-kandja-nouete-jaotamine\/#primaryimage"},"thumbnailUrl":"https:\/\/kpkoda.ee\/wp-content\/uploads\/2024\/06\/kpbl.jpg","datePublished":"2018-12-19T07:36:40+00:00","dateModified":"2025-01-01T13:37:52+00:00","breadcrumb":{"@id":"https:\/\/kpkoda.ee\/en\/kohtutaiturid\/taitemenetlusest\/avaliku-voimu-kandja-nouete-jaotamine\/#breadcrumb"},"inLanguage":"en-US","potentialAction":[{"@type":"ReadAction","target":["https:\/\/kpkoda.ee\/en\/kohtutaiturid\/taitemenetlusest\/avaliku-voimu-kandja-nouete-jaotamine\/"]}]},{"@type":"ImageObject","inLanguage":"en-US","@id":"https:\/\/kpkoda.ee\/en\/kohtutaiturid\/taitemenetlusest\/avaliku-voimu-kandja-nouete-jaotamine\/#primaryimage","url":"https:\/\/kpkoda.ee\/wp-content\/uploads\/2024\/06\/kpbl.jpg","contentUrl":"https:\/\/kpkoda.ee\/wp-content\/uploads\/2024\/06\/kpbl.jpg","width":640,"height":400},{"@type":"BreadcrumbList","@id":"https:\/\/kpkoda.ee\/en\/kohtutaiturid\/taitemenetlusest\/avaliku-voimu-kandja-nouete-jaotamine\/#breadcrumb","itemListElement":[{"@type":"ListItem","position":1,"name":"Home","item":"https:\/\/kpkoda.ee\/en\/"},{"@type":"ListItem","position":2,"name":"Enforcement agents","item":"https:\/\/kpkoda.ee\/en\/bailiffsinfo\/"},{"@type":"ListItem","position":3,"name":"About enforcement proceeding","item":"https:\/\/kpkoda.ee\/en\/kohtutaiturid\/taitemenetlusest\/"},{"@type":"ListItem","position":4,"name":"N\u00f5uete jaotamine"}]},{"@type":"WebSite","@id":"https:\/\/kpkoda.ee\/en\/#website","url":"https:\/\/kpkoda.ee\/en\/","name":"Kohtut\u00e4iturite ja Pankrotihaldurite Koda","description":"Kohtut\u00e4iturite ja Pankrotihaldurite Koda","potentialAction":[{"@type":"SearchAction","target":{"@type":"EntryPoint","urlTemplate":"https:\/\/kpkoda.ee\/en\/?s={search_term_string}"},"query-input":{"@type":"PropertyValueSpecification","valueRequired":true,"valueName":"search_term_string"}}],"inLanguage":"en-US"}]}},"_links":{"self":[{"href":"https:\/\/kpkoda.ee\/en\/wp-json\/wp\/v2\/pages\/751","targetHints":{"allow":["GET"]}}],"collection":[{"href":"https:\/\/kpkoda.ee\/en\/wp-json\/wp\/v2\/pages"}],"about":[{"href":"https:\/\/kpkoda.ee\/en\/wp-json\/wp\/v2\/types\/page"}],"author":[{"embeddable":true,"href":"https:\/\/kpkoda.ee\/en\/wp-json\/wp\/v2\/users\/1"}],"replies":[{"embeddable":true,"href":"https:\/\/kpkoda.ee\/en\/wp-json\/wp\/v2\/comments?post=751"}],"version-history":[{"count":9,"href":"https:\/\/kpkoda.ee\/en\/wp-json\/wp\/v2\/pages\/751\/revisions"}],"predecessor-version":[{"id":24887,"href":"https:\/\/kpkoda.ee\/en\/wp-json\/wp\/v2\/pages\/751\/revisions\/24887"}],"up":[{"embeddable":true,"href":"https:\/\/kpkoda.ee\/en\/wp-json\/wp\/v2\/pages\/12592"}],"wp:featuredmedia":[{"embeddable":true,"href":"https:\/\/kpkoda.ee\/en\/wp-json\/wp\/v2\/media\/23410"}],"wp:attachment":[{"href":"https:\/\/kpkoda.ee\/en\/wp-json\/wp\/v2\/media?parent=751"}],"curies":[{"name":"wp","href":"https:\/\/api.w.org\/{rel}","templated":true}]}}