{"id":21521,"date":"2023-08-26T13:12:09","date_gmt":"2023-08-26T13:12:09","guid":{"rendered":"https:\/\/kpkoda.ee\/?page_id=21521"},"modified":"2026-02-20T14:52:17","modified_gmt":"2026-02-20T14:52:17","slug":"methodology-committee","status":"publish","type":"page","link":"https:\/\/kpkoda.ee\/en\/koda\/struktuur\/methodology-committee\/","title":{"rendered":"Methodology Committee"},"content":{"rendered":"<p><strong>The Methodology Committee:<\/strong><\/p>\n<p>1)\u00a0organises and administers the examination of the trusted practitioner;<br \/>\n2) organises the initial training of trusted practitioners and assesses its completion;<br \/>\n3) verifies the trustworthiness of the candidate for the professional qualification of trusted practitioner;<br \/>\n4) where a trusted practitioner has not fulfilled the obligation of in-service training, decides on directing the person to sit an additional examination and sets the time limit for passing it;<br \/>\n5) administers the additional examination to trusted practitioners who have been directed to sit such an examination;<br \/>\n6) establishes guidelines for accrediting research or educational work in the speciality in relation to assessing fulfilment of the in-service training obligation;<br \/>\n7) creates template programmes for the initial training course of trusted practitioners.<\/p>\n<p><strong>People in the Methodology Committee:<\/strong><br \/>\n1) three trusted practitioners;<br \/>\n2) one judge;<br \/>\n3) one jurist;<br \/>\n4) one representative of Ministry of Justice and Digital Affairs.<\/p>\n\n\n<div class=\"team\">\n\t<h2 class=\"team__title\">Members of the Methodology Committee:<\/h2>\n\t\t\t<div class=\"team__item\">\n\t\t\t\t\t\t\n\t\t\t<div class=\"team__img\" style=\"background: url() no-repeat center; background-size: cover;\">\n\t\t\t<\/div>\n\t\t\t<div class=\"team__item__inner\">\n\t\t\t\t<h3 class=\"team__item__title\">Mari Schihalejev<\/h3>\n\t\t\t\t\t\t\t\t\t<div class=\"team__item__element\">\n\t\t\t\t\t\t<span>Position<\/span>\n\t\t\t\t\t\t<div class=\"team__item__info\">\n\t\t\t\t\t\t\tJurist &#8211; Chairman of the Methodology Committee\t\t\t\t\t\t<\/div>\n\t\t\t\t\t<\/div>\n\t\t\t\t\t\t\t\t\t<div class=\"team__item__element\">\n\t\t\t\t\t\t<span>Office<\/span>\n\t\t\t\t\t\t<div class=\"team__item__info\">\n\t\t\t\t\t\t\t\t\t\t\t\t\t<\/div>\n\t\t\t\t\t<\/div>\n\t\t\t\t\t\t\t\t<div class=\"team__item__element\">\n\t\t\t\t\t<span>E-post<\/span>\n\t\t\t\t\t<div class=\"team__item__info\">\n\t\t\t\t\t\t<a href=\"mailto:mari.schihalejev@kohus.ee\">\n\t\t\t\t\t\t\tmari.schihalejev@kohus.ee\t\t\t\t\t\t<\/a>\n\t\t\t\t\t<\/div>\n\t\t\t\t<\/div>\n\t\t\t<\/div>\n\t\t<\/div>\n\t\t\t<div class=\"team__item\">\n\t\t\t\t\t\t\n\t\t\t<div class=\"team__img\" style=\"background: url() no-repeat center; background-size: cover;\">\n\t\t\t<\/div>\n\t\t\t<div class=\"team__item__inner\">\n\t\t\t\t<h3 class=\"team__item__title\"> Ester Saag<\/h3>\n\t\t\t\t\t\t\t\t\t<div class=\"team__item__element\">\n\t\t\t\t\t\t<span>Position<\/span>\n\t\t\t\t\t\t<div class=\"team__item__info\">\n\t\t\t\t\t\t\tTrusted practitioner &#8211; Member of the Methodology Committee\t\t\t\t\t\t<\/div>\n\t\t\t\t\t<\/div>\n\t\t\t\t\t\t\t\t\t<div class=\"team__item__element\">\n\t\t\t\t\t\t<span>Office<\/span>\n\t\t\t\t\t\t<div class=\"team__item__info\">\n\t\t\t\t\t\t\tMT\u00dc Majandamisn\u00f5ustaja, M\u00f5isavahe 23, Tartu\t\t\t\t\t\t<\/div>\n\t\t\t\t\t<\/div>\n\t\t\t\t\t\t\t\t<div class=\"team__item__element\">\n\t\t\t\t\t<span>E-post<\/span>\n\t\t\t\t\t<div class=\"team__item__info\">\n\t\t\t\t\t\t<a href=\"mailto:majandamine@gmail.com\">\n\t\t\t\t\t\t\tmajandamine@gmail.com\t\t\t\t\t\t<\/a>\n\t\t\t\t\t<\/div>\n\t\t\t\t<\/div>\n\t\t\t<\/div>\n\t\t<\/div>\n\t\t\t<div class=\"team__item\">\n\t\t\t\t\t\t\n\t\t\t<div class=\"team__img\" style=\"background: url() no-repeat center; background-size: cover;\">\n\t\t\t<\/div>\n\t\t\t<div class=\"team__item__inner\">\n\t\t\t\t<h3 class=\"team__item__title\">Toomas Saarma<\/h3>\n\t\t\t\t\t\t\t\t\t<div class=\"team__item__element\">\n\t\t\t\t\t\t<span>Position<\/span>\n\t\t\t\t\t\t<div class=\"team__item__info\">\n\t\t\t\t\t\t\tTrusted practitioner &#8211; Member of the Methodology Committee \t\t\t\t\t\t<\/div>\n\t\t\t\t\t<\/div>\n\t\t\t\t\t\t\t\t\t<div class=\"team__item__element\">\n\t\t\t\t\t\t<span>Office<\/span>\n\t\t\t\t\t\t<div class=\"team__item__info\">\n\t\t\t\t\t\t\tKotzebue 9, 10412 Tallinn\t\t\t\t\t\t<\/div>\n\t\t\t\t\t<\/div>\n\t\t\t\t\t\t\t\t<div class=\"team__item__element\">\n\t\t\t\t\t<span>E-post<\/span>\n\t\t\t\t\t<div class=\"team__item__info\">\n\t\t\t\t\t\t<a href=\"mailto:haldur@haldur.eu\">\n\t\t\t\t\t\t\thaldur@haldur.eu\t\t\t\t\t\t<\/a>\n\t\t\t\t\t<\/div>\n\t\t\t\t<\/div>\n\t\t\t<\/div>\n\t\t<\/div>\n\t\t\t<div class=\"team__item\">\n\t\t\t\t\t\t\n\t\t\t<div class=\"team__img\" style=\"background: url() no-repeat center; background-size: cover;\">\n\t\t\t<\/div>\n\t\t\t<div class=\"team__item__inner\">\n\t\t\t\t<h3 class=\"team__item__title\">Sirje Tael<\/h3>\n\t\t\t\t\t\t\t\t\t<div class=\"team__item__element\">\n\t\t\t\t\t\t<span>Position<\/span>\n\t\t\t\t\t\t<div class=\"team__item__info\">\n\t\t\t\t\t\t\tTrusted practitioner &#8211; Member of the Methodology Committee\t\t\t\t\t\t<\/div>\n\t\t\t\t\t<\/div>\n\t\t\t\t\t\t\t\t\t<div class=\"team__item__element\">\n\t\t\t\t\t\t<span>Office<\/span>\n\t\t\t\t\t\t<div class=\"team__item__info\">\n\t\t\t\t\t\t\tProlex O\u00dc, Jaama tn 76 D-korpus, Tartu 50605\t\t\t\t\t\t<\/div>\n\t\t\t\t\t<\/div>\n\t\t\t\t\t\t\t\t<div class=\"team__item__element\">\n\t\t\t\t\t<span>E-post<\/span>\n\t\t\t\t\t<div class=\"team__item__info\">\n\t\t\t\t\t\t<a href=\"mailto:sirje@stael.ee\">\n\t\t\t\t\t\t\tsirje@stael.ee\t\t\t\t\t\t<\/a>\n\t\t\t\t\t<\/div>\n\t\t\t\t<\/div>\n\t\t\t<\/div>\n\t\t<\/div>\n\t\t\t<div class=\"team__item\">\n\t\t\t\t\t\t\n\t\t\t<div class=\"team__img\" style=\"background: url() no-repeat center; background-size: cover;\">\n\t\t\t<\/div>\n\t\t\t<div class=\"team__item__inner\">\n\t\t\t\t<h3 class=\"team__item__title\">Karin Sonntak<\/h3>\n\t\t\t\t\t\t\t\t\t<div class=\"team__item__element\">\n\t\t\t\t\t\t<span>Position<\/span>\n\t\t\t\t\t\t<div class=\"team__item__info\">\n\t\t\t\t\t\t\tJudge &#8211; Member of the Methodology Committee\t\t\t\t\t\t<\/div>\n\t\t\t\t\t<\/div>\n\t\t\t\t\t\t\t\t\t<div class=\"team__item__element\">\n\t\t\t\t\t\t<span>Office<\/span>\n\t\t\t\t\t\t<div class=\"team__item__info\">\n\t\t\t\t\t\t\t\t\t\t\t\t\t<\/div>\n\t\t\t\t\t<\/div>\n\t\t\t\t\t\t\t\t<div class=\"team__item__element\">\n\t\t\t\t\t<span>E-post<\/span>\n\t\t\t\t\t<div class=\"team__item__info\">\n\t\t\t\t\t\t<a href=\"mailto:karin.sonntak@kohus.ee\">\n\t\t\t\t\t\t\tkarin.sonntak@kohus.ee\t\t\t\t\t\t<\/a>\n\t\t\t\t\t<\/div>\n\t\t\t\t<\/div>\n\t\t\t<\/div>\n\t\t<\/div>\n\t\t\t<div class=\"team__item\">\n\t\t\t\t\t\t\n\t\t\t<div class=\"team__img\" style=\"background: url() no-repeat center; background-size: cover;\">\n\t\t\t<\/div>\n\t\t\t<div class=\"team__item__inner\">\n\t\t\t\t<h3 class=\"team__item__title\">Maarja Roht<\/h3>\n\t\t\t\t\t\t\t\t\t<div class=\"team__item__element\">\n\t\t\t\t\t\t<span>Position<\/span>\n\t\t\t\t\t\t<div class=\"team__item__info\">\n\t\t\t\t\t\t\tRepresentative of the Ministry of Justice and Digital Affairs &#8211; Member of the Methodology Committee\t\t\t\t\t\t<\/div>\n\t\t\t\t\t<\/div>\n\t\t\t\t\t\t\t\t\t<div class=\"team__item__element\">\n\t\t\t\t\t\t<span>Office<\/span>\n\t\t\t\t\t\t<div class=\"team__item__info\">\n\t\t\t\t\t\t\tMinistry of Justice and Digital Affairs, Suur-Ameerika 1, 10122 Tallinn\t\t\t\t\t\t<\/div>\n\t\t\t\t\t<\/div>\n\t\t\t\t\t\t\t\t<div class=\"team__item__element\">\n\t\t\t\t\t<span>E-post<\/span>\n\t\t\t\t\t<div class=\"team__item__info\">\n\t\t\t\t\t\t<a href=\"mailto:maarja.roht@justdigi.ee\">\n\t\t\t\t\t\t\tmaarja.roht@justdigi.ee\t\t\t\t\t\t<\/a>\n\t\t\t\t\t<\/div>\n\t\t\t\t<\/div>\n\t\t\t<\/div>\n\t\t<\/div>\n\t<\/div>\n\n<div class=\"team\">\n\t<h2 class=\"team__title\">Deputy members of the Methodology Committee<\/h2>\n\t\t\t<div class=\"team__item\">\n\t\t\t\t\t\t\n\t\t\t<div class=\"team__img\" style=\"background: url() no-repeat center; background-size: cover;\">\n\t\t\t<\/div>\n\t\t\t<div class=\"team__item__inner\">\n\t\t\t\t<h3 class=\"team__item__title\">Evelin Laanem\u00e4e<\/h3>\n\t\t\t\t\t\t\t\t\t<div class=\"team__item__element\">\n\t\t\t\t\t\t<span>Position<\/span>\n\t\t\t\t\t\t<div class=\"team__item__info\">\n\t\t\t\t\t\t\tTrusted practitioner &#8211; Deputy member of the Methodology Committee\t\t\t\t\t\t<\/div>\n\t\t\t\t\t<\/div>\n\t\t\t\t\t\t\t\t\t<div class=\"team__item__element\">\n\t\t\t\t\t\t<span>Office<\/span>\n\t\t\t\t\t\t<div class=\"team__item__info\">\n\t\t\t\t\t\t\tTallinna tn 19, Viljandi\t\t\t\t\t\t<\/div>\n\t\t\t\t\t<\/div>\n\t\t\t\t\t\t\t\t<div class=\"team__item__element\">\n\t\t\t\t\t<span>E-post<\/span>\n\t\t\t\t\t<div class=\"team__item__info\">\n\t\t\t\t\t\t<a href=\"mailto:noutuba@gmail.com\">\n\t\t\t\t\t\t\tnoutuba@gmail.com\t\t\t\t\t\t<\/a>\n\t\t\t\t\t<\/div>\n\t\t\t\t<\/div>\n\t\t\t<\/div>\n\t\t<\/div>\n\t\t\t<div class=\"team__item\">\n\t\t\t\t\t\t\n\t\t\t<div class=\"team__img\" style=\"background: url() no-repeat center; background-size: cover;\">\n\t\t\t<\/div>\n\t\t\t<div class=\"team__item__inner\">\n\t\t\t\t<h3 class=\"team__item__title\">Tiia Kalaus<\/h3>\n\t\t\t\t\t\t\t\t\t<div class=\"team__item__element\">\n\t\t\t\t\t\t<span>Position<\/span>\n\t\t\t\t\t\t<div class=\"team__item__info\">\n\t\t\t\t\t\t\tTrusted practitioner &#8211; Deputy member of the Methodology Committee \t\t\t\t\t\t<\/div>\n\t\t\t\t\t<\/div>\n\t\t\t\t\t\t\t\t\t<div class=\"team__item__element\">\n\t\t\t\t\t\t<span>Office<\/span>\n\t\t\t\t\t\t<div class=\"team__item__info\">\n\t\t\t\t\t\t\tSoola 3, Tartu 51013\t\t\t\t\t\t<\/div>\n\t\t\t\t\t<\/div>\n\t\t\t\t\t\t\t\t<div class=\"team__item__element\">\n\t\t\t\t\t<span>E-post<\/span>\n\t\t\t\t\t<div class=\"team__item__info\">\n\t\t\t\t\t\t<a href=\"mailto:tiia.kalaus@civilex.ee\">\n\t\t\t\t\t\t\ttiia.kalaus@civilex.ee\t\t\t\t\t\t<\/a>\n\t\t\t\t\t<\/div>\n\t\t\t\t<\/div>\n\t\t\t<\/div>\n\t\t<\/div>\n\t\t\t<div class=\"team__item\">\n\t\t\t\t\t\t\n\t\t\t<div class=\"team__img\" style=\"background: url() no-repeat center; background-size: cover;\">\n\t\t\t<\/div>\n\t\t\t<div class=\"team__item__inner\">\n\t\t\t\t<h3 class=\"team__item__title\">Ly M\u00fc\u00fcrsoo<\/h3>\n\t\t\t\t\t\t\t\t\t<div class=\"team__item__element\">\n\t\t\t\t\t\t<span>Position<\/span>\n\t\t\t\t\t\t<div class=\"team__item__info\">\n\t\t\t\t\t\t\tTrusted practitioner &#8211; Deputy member of the Methodology Committee\t\t\t\t\t\t<\/div>\n\t\t\t\t\t<\/div>\n\t\t\t\t\t\t\t\t\t<div class=\"team__item__element\">\n\t\t\t\t\t\t<span>Office<\/span>\n\t\t\t\t\t\t<div class=\"team__item__info\">\n\t\t\t\t\t\t\tO\u00dc Sentire MK, V\u00e4ike-Ameerika 8-203, 10129, Tallinn\t\t\t\t\t\t<\/div>\n\t\t\t\t\t<\/div>\n\t\t\t\t\t\t\t\t<div class=\"team__item__element\">\n\t\t\t\t\t<span>E-post<\/span>\n\t\t\t\t\t<div class=\"team__item__info\">\n\t\t\t\t\t\t<a href=\"mailto:lyy.myyrsoo@mail.ee\">\n\t\t\t\t\t\t\tlyy.myyrsoo@mail.ee\t\t\t\t\t\t<\/a>\n\t\t\t\t\t<\/div>\n\t\t\t\t<\/div>\n\t\t\t<\/div>\n\t\t<\/div>\n\t\t\t<div class=\"team__item\">\n\t\t\t\t\t\t\n\t\t\t<div class=\"team__img\" style=\"background: url() no-repeat center; background-size: cover;\">\n\t\t\t<\/div>\n\t\t\t<div class=\"team__item__inner\">\n\t\t\t\t<h3 class=\"team__item__title\">Andres Vutt<\/h3>\n\t\t\t\t\t\t\t\t\t<div class=\"team__item__element\">\n\t\t\t\t\t\t<span>Position<\/span>\n\t\t\t\t\t\t<div class=\"team__item__info\">\n\t\t\t\t\t\t\tJurist &#8211; Deputy member of the Methodology Committee\t\t\t\t\t\t<\/div>\n\t\t\t\t\t<\/div>\n\t\t\t\t\t\t\t\t\t<div class=\"team__item__element\">\n\t\t\t\t\t\t<span>Office<\/span>\n\t\t\t\t\t\t<div class=\"team__item__info\">\n\t\t\t\t\t\t\t\t\t\t\t\t\t<\/div>\n\t\t\t\t\t<\/div>\n\t\t\t\t\t\t\t\t<div class=\"team__item__element\">\n\t\t\t\t\t<span>E-post<\/span>\n\t\t\t\t\t<div class=\"team__item__info\">\n\t\t\t\t\t\t<a href=\"mailto:andres.vutt@ut.ee\">\n\t\t\t\t\t\t\tandres.vutt@ut.ee\t\t\t\t\t\t<\/a>\n\t\t\t\t\t<\/div>\n\t\t\t\t<\/div>\n\t\t\t<\/div>\n\t\t<\/div>\n\t\t\t<div class=\"team__item\">\n\t\t\t\t\t\t\n\t\t\t<div class=\"team__img\" style=\"background: url() no-repeat center; background-size: cover;\">\n\t\t\t<\/div>\n\t\t\t<div class=\"team__item__inner\">\n\t\t\t\t<h3 class=\"team__item__title\">Kersti Kerstna-Vaks<\/h3>\n\t\t\t\t\t\t\t\t\t<div class=\"team__item__element\">\n\t\t\t\t\t\t<span>Position<\/span>\n\t\t\t\t\t\t<div class=\"team__item__info\">\n\t\t\t\t\t\t\tJudge &#8211; Deputy member of the Methodology Committee\t\t\t\t\t\t<\/div>\n\t\t\t\t\t<\/div>\n\t\t\t\t\t\t\t\t\t<div class=\"team__item__element\">\n\t\t\t\t\t\t<span>Office<\/span>\n\t\t\t\t\t\t<div class=\"team__item__info\">\n\t\t\t\t\t\t\t\t\t\t\t\t\t<\/div>\n\t\t\t\t\t<\/div>\n\t\t\t\t\t\t\t\t<div class=\"team__item__element\">\n\t\t\t\t\t<span>E-post<\/span>\n\t\t\t\t\t<div class=\"team__item__info\">\n\t\t\t\t\t\t<a href=\"mailto:kersti.kerstna-vaks@kohus.ee\">\n\t\t\t\t\t\t\tkersti.kerstna-vaks@kohus.ee\t\t\t\t\t\t<\/a>\n\t\t\t\t\t<\/div>\n\t\t\t\t<\/div>\n\t\t\t<\/div>\n\t\t<\/div>\n\t\t\t<div class=\"team__item\">\n\t\t\t\t\t\t\n\t\t\t<div class=\"team__img\" style=\"background: url() no-repeat center; background-size: cover;\">\n\t\t\t<\/div>\n\t\t\t<div class=\"team__item__inner\">\n\t\t\t\t<h3 class=\"team__item__title\">Aleksandr Logussov<\/h3>\n\t\t\t\t\t\t\t\t\t<div class=\"team__item__element\">\n\t\t\t\t\t\t<span>Position<\/span>\n\t\t\t\t\t\t<div class=\"team__item__info\">\n\t\t\t\t\t\t\tRepresentative of the Ministry of Justice and Digital Affairs &#8211; Deputy member of the Methodology Committee\t\t\t\t\t\t<\/div>\n\t\t\t\t\t<\/div>\n\t\t\t\t\t\t\t\t\t<div class=\"team__item__element\">\n\t\t\t\t\t\t<span>Office<\/span>\n\t\t\t\t\t\t<div class=\"team__item__info\">\n\t\t\t\t\t\t\tMinistry of Justice and Digital Affairs, Suur-Ameerika 1, 10122 Tallinn\t\t\t\t\t\t<\/div>\n\t\t\t\t\t<\/div>\n\t\t\t\t\t\t\t\t<div class=\"team__item__element\">\n\t\t\t\t\t<span>E-post<\/span>\n\t\t\t\t\t<div class=\"team__item__info\">\n\t\t\t\t\t\t<a href=\"mailto:aleksandr.logussov@justdigi.ee\">\n\t\t\t\t\t\t\taleksandr.logussov@justdigi.ee\t\t\t\t\t\t<\/a>\n\t\t\t\t\t<\/div>\n\t\t\t\t<\/div>\n\t\t\t<\/div>\n\t\t<\/div>\n\t<\/div>","protected":false},"excerpt":{"rendered":"","protected":false},"author":9,"featured_media":23409,"parent":12229,"menu_order":180,"comment_status":"closed","ping_status":"closed","template":"","meta":{"_acf_changed":false,"footnotes":""},"class_list":["post-21521","page","type-page","status-publish","has-post-thumbnail","hentry"],"acf":[],"yoast_head":"<!-- This site is optimized with the Yoast SEO plugin v27.3 - https:\/\/yoast.com\/product\/yoast-seo-wordpress\/ -->\n<title>Methodology Committee - Kohtut\u00e4iturite ja Pankrotihaldurite Koda<\/title>\n<meta name=\"robots\" content=\"index, follow, max-snippet:-1, max-image-preview:large, max-video-preview:-1\" \/>\n<link rel=\"canonical\" href=\"https:\/\/kpkoda.ee\/en\/koda\/struktuur\/methodology-committee\/\" \/>\n<meta property=\"og:locale\" content=\"en_US\" \/>\n<meta property=\"og:type\" content=\"article\" \/>\n<meta property=\"og:title\" content=\"Methodology Committee - Kohtut\u00e4iturite ja Pankrotihaldurite Koda\" \/>\n<meta property=\"og:url\" content=\"https:\/\/kpkoda.ee\/en\/koda\/struktuur\/methodology-committee\/\" \/>\n<meta property=\"og:site_name\" content=\"Kohtut\u00e4iturite ja Pankrotihaldurite Koda\" \/>\n<meta property=\"article:modified_time\" content=\"2026-02-20T14:52:17+00:00\" \/>\n<meta property=\"og:image\" content=\"https:\/\/kpkoda.ee\/wp-content\/uploads\/2024\/06\/kpbl.jpg\" \/>\n\t<meta property=\"og:image:width\" content=\"640\" \/>\n\t<meta property=\"og:image:height\" content=\"400\" \/>\n\t<meta property=\"og:image:type\" content=\"image\/jpeg\" \/>\n<meta name=\"twitter:card\" content=\"summary_large_image\" \/>\n<meta name=\"twitter:label1\" content=\"Est. reading time\" \/>\n\t<meta name=\"twitter:data1\" content=\"1 minute\" \/>\n<script type=\"application\/ld+json\" class=\"yoast-schema-graph\">{\"@context\":\"https:\\\/\\\/schema.org\",\"@graph\":[{\"@type\":\"WebPage\",\"@id\":\"https:\\\/\\\/kpkoda.ee\\\/en\\\/koda\\\/struktuur\\\/methodology-committee\\\/\",\"url\":\"https:\\\/\\\/kpkoda.ee\\\/en\\\/koda\\\/struktuur\\\/methodology-committee\\\/\",\"name\":\"Methodology Committee - Kohtut\u00e4iturite ja Pankrotihaldurite Koda\",\"isPartOf\":{\"@id\":\"https:\\\/\\\/kpkoda.ee\\\/en\\\/#website\"},\"primaryImageOfPage\":{\"@id\":\"https:\\\/\\\/kpkoda.ee\\\/en\\\/koda\\\/struktuur\\\/methodology-committee\\\/#primaryimage\"},\"image\":{\"@id\":\"https:\\\/\\\/kpkoda.ee\\\/en\\\/koda\\\/struktuur\\\/methodology-committee\\\/#primaryimage\"},\"thumbnailUrl\":\"https:\\\/\\\/kpkoda.ee\\\/wp-content\\\/uploads\\\/2024\\\/06\\\/kpbl.jpg\",\"datePublished\":\"2023-08-26T13:12:09+00:00\",\"dateModified\":\"2026-02-20T14:52:17+00:00\",\"breadcrumb\":{\"@id\":\"https:\\\/\\\/kpkoda.ee\\\/en\\\/koda\\\/struktuur\\\/methodology-committee\\\/#breadcrumb\"},\"inLanguage\":\"en-US\",\"potentialAction\":[{\"@type\":\"ReadAction\",\"target\":[\"https:\\\/\\\/kpkoda.ee\\\/en\\\/koda\\\/struktuur\\\/methodology-committee\\\/\"]}]},{\"@type\":\"ImageObject\",\"inLanguage\":\"en-US\",\"@id\":\"https:\\\/\\\/kpkoda.ee\\\/en\\\/koda\\\/struktuur\\\/methodology-committee\\\/#primaryimage\",\"url\":\"https:\\\/\\\/kpkoda.ee\\\/wp-content\\\/uploads\\\/2024\\\/06\\\/kpbl.jpg\",\"contentUrl\":\"https:\\\/\\\/kpkoda.ee\\\/wp-content\\\/uploads\\\/2024\\\/06\\\/kpbl.jpg\",\"width\":640,\"height\":400},{\"@type\":\"BreadcrumbList\",\"@id\":\"https:\\\/\\\/kpkoda.ee\\\/en\\\/koda\\\/struktuur\\\/methodology-committee\\\/#breadcrumb\",\"itemListElement\":[{\"@type\":\"ListItem\",\"position\":1,\"name\":\"Home\",\"item\":\"https:\\\/\\\/kpkoda.ee\\\/en\\\/\"},{\"@type\":\"ListItem\",\"position\":2,\"name\":\"Chamber\",\"item\":\"https:\\\/\\\/kpkoda.ee\\\/en\\\/chamber\\\/\"},{\"@type\":\"ListItem\",\"position\":3,\"name\":\"Structure\",\"item\":\"https:\\\/\\\/kpkoda.ee\\\/en\\\/struktuur\\\/\"},{\"@type\":\"ListItem\",\"position\":4,\"name\":\"Methodology Committee\"}]},{\"@type\":\"WebSite\",\"@id\":\"https:\\\/\\\/kpkoda.ee\\\/en\\\/#website\",\"url\":\"https:\\\/\\\/kpkoda.ee\\\/en\\\/\",\"name\":\"Kohtut\u00e4iturite ja Pankrotihaldurite Koda\",\"description\":\"Kohtut\u00e4iturite ja Pankrotihaldurite Koda\",\"potentialAction\":[{\"@type\":\"SearchAction\",\"target\":{\"@type\":\"EntryPoint\",\"urlTemplate\":\"https:\\\/\\\/kpkoda.ee\\\/en\\\/?s={search_term_string}\"},\"query-input\":{\"@type\":\"PropertyValueSpecification\",\"valueRequired\":true,\"valueName\":\"search_term_string\"}}],\"inLanguage\":\"en-US\"}]}<\/script>\n<!-- \/ Yoast SEO plugin. -->","yoast_head_json":{"title":"Methodology Committee - Kohtut\u00e4iturite ja Pankrotihaldurite Koda","robots":{"index":"index","follow":"follow","max-snippet":"max-snippet:-1","max-image-preview":"max-image-preview:large","max-video-preview":"max-video-preview:-1"},"canonical":"https:\/\/kpkoda.ee\/en\/koda\/struktuur\/methodology-committee\/","og_locale":"en_US","og_type":"article","og_title":"Methodology Committee - Kohtut\u00e4iturite ja Pankrotihaldurite Koda","og_url":"https:\/\/kpkoda.ee\/en\/koda\/struktuur\/methodology-committee\/","og_site_name":"Kohtut\u00e4iturite ja Pankrotihaldurite Koda","article_modified_time":"2026-02-20T14:52:17+00:00","og_image":[{"width":640,"height":400,"url":"https:\/\/kpkoda.ee\/wp-content\/uploads\/2024\/06\/kpbl.jpg","type":"image\/jpeg"}],"twitter_card":"summary_large_image","twitter_misc":{"Est. reading time":"1 minute"},"schema":{"@context":"https:\/\/schema.org","@graph":[{"@type":"WebPage","@id":"https:\/\/kpkoda.ee\/en\/koda\/struktuur\/methodology-committee\/","url":"https:\/\/kpkoda.ee\/en\/koda\/struktuur\/methodology-committee\/","name":"Methodology Committee - Kohtut\u00e4iturite ja Pankrotihaldurite Koda","isPartOf":{"@id":"https:\/\/kpkoda.ee\/en\/#website"},"primaryImageOfPage":{"@id":"https:\/\/kpkoda.ee\/en\/koda\/struktuur\/methodology-committee\/#primaryimage"},"image":{"@id":"https:\/\/kpkoda.ee\/en\/koda\/struktuur\/methodology-committee\/#primaryimage"},"thumbnailUrl":"https:\/\/kpkoda.ee\/wp-content\/uploads\/2024\/06\/kpbl.jpg","datePublished":"2023-08-26T13:12:09+00:00","dateModified":"2026-02-20T14:52:17+00:00","breadcrumb":{"@id":"https:\/\/kpkoda.ee\/en\/koda\/struktuur\/methodology-committee\/#breadcrumb"},"inLanguage":"en-US","potentialAction":[{"@type":"ReadAction","target":["https:\/\/kpkoda.ee\/en\/koda\/struktuur\/methodology-committee\/"]}]},{"@type":"ImageObject","inLanguage":"en-US","@id":"https:\/\/kpkoda.ee\/en\/koda\/struktuur\/methodology-committee\/#primaryimage","url":"https:\/\/kpkoda.ee\/wp-content\/uploads\/2024\/06\/kpbl.jpg","contentUrl":"https:\/\/kpkoda.ee\/wp-content\/uploads\/2024\/06\/kpbl.jpg","width":640,"height":400},{"@type":"BreadcrumbList","@id":"https:\/\/kpkoda.ee\/en\/koda\/struktuur\/methodology-committee\/#breadcrumb","itemListElement":[{"@type":"ListItem","position":1,"name":"Home","item":"https:\/\/kpkoda.ee\/en\/"},{"@type":"ListItem","position":2,"name":"Chamber","item":"https:\/\/kpkoda.ee\/en\/chamber\/"},{"@type":"ListItem","position":3,"name":"Structure","item":"https:\/\/kpkoda.ee\/en\/struktuur\/"},{"@type":"ListItem","position":4,"name":"Methodology Committee"}]},{"@type":"WebSite","@id":"https:\/\/kpkoda.ee\/en\/#website","url":"https:\/\/kpkoda.ee\/en\/","name":"Kohtut\u00e4iturite ja Pankrotihaldurite Koda","description":"Kohtut\u00e4iturite ja Pankrotihaldurite Koda","potentialAction":[{"@type":"SearchAction","target":{"@type":"EntryPoint","urlTemplate":"https:\/\/kpkoda.ee\/en\/?s={search_term_string}"},"query-input":{"@type":"PropertyValueSpecification","valueRequired":true,"valueName":"search_term_string"}}],"inLanguage":"en-US"}]}},"_links":{"self":[{"href":"https:\/\/kpkoda.ee\/en\/wp-json\/wp\/v2\/pages\/21521","targetHints":{"allow":["GET"]}}],"collection":[{"href":"https:\/\/kpkoda.ee\/en\/wp-json\/wp\/v2\/pages"}],"about":[{"href":"https:\/\/kpkoda.ee\/en\/wp-json\/wp\/v2\/types\/page"}],"author":[{"embeddable":true,"href":"https:\/\/kpkoda.ee\/en\/wp-json\/wp\/v2\/users\/9"}],"replies":[{"embeddable":true,"href":"https:\/\/kpkoda.ee\/en\/wp-json\/wp\/v2\/comments?post=21521"}],"version-history":[{"count":10,"href":"https:\/\/kpkoda.ee\/en\/wp-json\/wp\/v2\/pages\/21521\/revisions"}],"predecessor-version":[{"id":27376,"href":"https:\/\/kpkoda.ee\/en\/wp-json\/wp\/v2\/pages\/21521\/revisions\/27376"}],"up":[{"embeddable":true,"href":"https:\/\/kpkoda.ee\/en\/wp-json\/wp\/v2\/pages\/12229"}],"wp:featuredmedia":[{"embeddable":true,"href":"https:\/\/kpkoda.ee\/en\/wp-json\/wp\/v2\/media\/23409"}],"wp:attachment":[{"href":"https:\/\/kpkoda.ee\/en\/wp-json\/wp\/v2\/media?parent=21521"}],"curies":[{"name":"wp","href":"https:\/\/api.w.org\/{rel}","templated":true}]}}