{"id":11857,"date":"2018-12-10T09:35:10","date_gmt":"2018-12-10T09:35:10","guid":{"rendered":"https:\/\/kpkoda.ee\/?page_id=11857"},"modified":"2025-01-01T13:15:33","modified_gmt":"2025-01-01T13:15:33","slug":"sample-page","status":"publish","type":"page","link":"https:\/\/kpkoda.ee\/en\/","title":{"rendered":"Avaleht"},"content":{"rendered":"<section class=\"home__banner\">\n\t<div class=\"container\">\n\t\t<div class=\"row row__flex\">\n\t\t\t<div class=\"col-md-6 col-sm-12 col-xs-12\">\n\t\t\t\t\t\t\t\t<div class=\"home__banner__item\" style=\"background: url(https:\/\/kpkoda.ee\/wp-content\/uploads\/2018\/12\/banner1-535x324.jpg) no-repeat center; background-size: cover;\">\n\t\t\t\t\t<h3 class=\"home__banner__title\">\n\t\t\t\t\t\tKohtut\u00e4itur sundt\u00e4idab t\u00e4itedokumente\t\t\t\t\t<\/h3>\n\t\t\t\t\t<a href=\"https:\/\/kpkoda.ee\/kohtutaiturid\/kohtutaiturid-kontakt\/\" class=\"home__banner__link buttons\">\n\t\t\t\t\t\tKohtut\u00e4iturite otsing\t\t\t\t\t<\/a>\n\t\t\t\t<\/div>\n\t\t\t<\/div>\n\t\t\t<div class=\"col-md-6 col-sm-12 col-xs-12\">\n\t\t\t\t\t\t\t\t<div class=\"home__banner__item\" style=\"background: url(https:\/\/kpkoda.ee\/wp-content\/uploads\/2018\/12\/banner2-535x324.jpg) no-repeat center; background-size: cover;\">\n\t\t\t\t\t<h3 class=\"home__banner__title\">\n\t\t\t\t\t\tPankrotihaldur on pankrotimenetluses v\u00f5lgniku seaduslik esindaja\t\t\t\t\t<\/h3>\n\t\t\t\t\t<a href=\"https:\/\/kpkoda.ee\/pankrotihaldurid\/pankrotihaldurid-kontakt\/\" class=\"home__banner__link buttons\">\n\t\t\t\t\t\tPankrotihaldurite otsing\t\t\t\t\t<\/a>\n\t\t\t\t<\/div>\n\t\t\t<\/div>\n\t\t<\/div>\n\t<\/div>\n<\/section>\n\n<section class=\"useful\">\n\t<div class=\"container\">\n\t\t<div class=\"useful__inner b_white\">\n\t\t\t<h2 class=\"useful__title\">\n\t\t\t\tViited\t\t\t<\/h2>\n\t\t\t<p class=\"useful__text\">\n\t\t\t\t\t\t\t<\/p>\n\t\t\t<div class=\"useful__wrap\">\n\t\t\t\t<div class=\"row flex flex__wrap \">\n\t\t\t\t\t\t\t\t\t\t\t\t<div class=\"col-lg-4 col-sm-6 col-xs-12\">\n\t\t\t\t\t\t\t\t<a href=\"https:\/\/www.oksjonikeskus.ee\/\" target=\"_blank\" class=\"useful__item\">\n\t\t\t\t\t\t\t\t\t<div class=\"wrap__img\">\n\t\t\t\t\t\t\t\t\t\t<img decoding=\"async\" src=\"https:\/\/kpkoda.ee\/wp-content\/uploads\/2018\/12\/logo.svg\">\n\t\t\t\t\t\t\t\t\t<\/div>\n\t\t\t\t\t\t\t\t\t<div class=\"useful__item__info\">\n\t\t\t\t\t\t\t\t\t\t<div class=\"useful__item__info__inner\">\n\t\t\t\t\t\t\t\t\t\t\t<h3 class=\"useful__item__title\">Oksjonikeskus<\/h3>\n\t\t\t\t\t\t\t\t\t\t\t<span  class=\"useful__item__link\">www.oksjonikeskus.ee<\/span>\n\t\t\t\t\t\t\t\t\t\t<\/div>\n\t\t\t\t\t\t\t\t\t\t<svg id=\"Layer_1\" data-name=\"Layer 1\" xmlns=\"http:\/\/www.w3.org\/2000\/svg\" viewBox=\"0 0 14.89 23.94\"><defs><style><\/style><\/defs><title><\/title><path  d=\"M14.24,13.69,4.65,23.28a2.27,2.27,0,0,1-3.19,0l-.8-.8a2.27,2.27,0,0,1,0-3.19L8,12,.66,4.65a2.27,2.27,0,0,1,0-3.19l.8-.8a2.27,2.27,0,0,1,3.19,0l9.59,9.59A2.24,2.24,0,0,1,14.89,12,2.25,2.25,0,0,1,14.24,13.69Z\"\/><\/svg>\n\t\t\t\t\t\t\t\t\t<\/div>\n\t\t\t\t\t\t\t\t<\/a>\n\t\t\t\t\t\t\t<\/div>\n\t\t\t\t\t\t\t\t\t\t\t\t<div class=\"col-lg-4 col-sm-6 col-xs-12\">\n\t\t\t\t\t\t\t\t<a href=\"https:\/\/etaitur.kpkoda.ee\/\" target=\"_blank\" class=\"useful__item\">\n\t\t\t\t\t\t\t\t\t<div class=\"wrap__img\">\n\t\t\t\t\t\t\t\t\t\t<img decoding=\"async\" src=\"https:\/\/kpkoda.ee\/wp-content\/uploads\/2019\/03\/etis_logo.png\">\n\t\t\t\t\t\t\t\t\t<\/div>\n\t\t\t\t\t\t\t\t\t<div class=\"useful__item__info\">\n\t\t\t\t\t\t\t\t\t\t<div class=\"useful__item__info__inner\">\n\t\t\t\t\t\t\t\t\t\t\t<h3 class=\"useful__item__title\">E-t\u00e4itur<\/h3>\n\t\t\t\t\t\t\t\t\t\t\t<span  class=\"useful__item__link\">www.etaitur.kpkoda.ee<\/span>\n\t\t\t\t\t\t\t\t\t\t<\/div>\n\t\t\t\t\t\t\t\t\t\t<svg id=\"Layer_1\" data-name=\"Layer 1\" xmlns=\"http:\/\/www.w3.org\/2000\/svg\" viewBox=\"0 0 14.89 23.94\"><defs><style><\/style><\/defs><title><\/title><path  d=\"M14.24,13.69,4.65,23.28a2.27,2.27,0,0,1-3.19,0l-.8-.8a2.27,2.27,0,0,1,0-3.19L8,12,.66,4.65a2.27,2.27,0,0,1,0-3.19l.8-.8a2.27,2.27,0,0,1,3.19,0l9.59,9.59A2.24,2.24,0,0,1,14.89,12,2.25,2.25,0,0,1,14.24,13.69Z\"\/><\/svg>\n\t\t\t\t\t\t\t\t\t<\/div>\n\t\t\t\t\t\t\t\t<\/a>\n\t\t\t\t\t\t\t<\/div>\n\t\t\t\t\t\t\t\t\t\t\t\t<div class=\"col-lg-4 col-sm-6 col-xs-12\">\n\t\t\t\t\t\t\t\t<a href=\"https:\/\/www.e-toimik.ee\/\" target=\"_blank\" class=\"useful__item\">\n\t\t\t\t\t\t\t\t\t<div class=\"wrap__img\">\n\t\t\t\t\t\t\t\t\t\t<img decoding=\"async\" src=\"https:\/\/kpkoda.ee\/wp-content\/uploads\/2019\/03\/logo.svg\">\n\t\t\t\t\t\t\t\t\t<\/div>\n\t\t\t\t\t\t\t\t\t<div class=\"useful__item__info\">\n\t\t\t\t\t\t\t\t\t\t<div class=\"useful__item__info__inner\">\n\t\t\t\t\t\t\t\t\t\t\t<h3 class=\"useful__item__title\">Avalik e-toimik<\/h3>\n\t\t\t\t\t\t\t\t\t\t\t<span  class=\"useful__item__link\">www.e-toimik.ee<\/span>\n\t\t\t\t\t\t\t\t\t\t<\/div>\n\t\t\t\t\t\t\t\t\t\t<svg id=\"Layer_1\" data-name=\"Layer 1\" xmlns=\"http:\/\/www.w3.org\/2000\/svg\" viewBox=\"0 0 14.89 23.94\"><defs><style><\/style><\/defs><title><\/title><path  d=\"M14.24,13.69,4.65,23.28a2.27,2.27,0,0,1-3.19,0l-.8-.8a2.27,2.27,0,0,1,0-3.19L8,12,.66,4.65a2.27,2.27,0,0,1,0-3.19l.8-.8a2.27,2.27,0,0,1,3.19,0l9.59,9.59A2.24,2.24,0,0,1,14.89,12,2.25,2.25,0,0,1,14.24,13.69Z\"\/><\/svg>\n\t\t\t\t\t\t\t\t\t<\/div>\n\t\t\t\t\t\t\t\t<\/a>\n\t\t\t\t\t\t\t<\/div>\n\t\t\t\t\t\t\t\t\t\t\t\t<div class=\"col-lg-4 col-sm-6 col-xs-12\">\n\t\t\t\t\t\t\t\t<a href=\"http:\/\/www.eesti.ee\" target=\"_blank\" class=\"useful__item\">\n\t\t\t\t\t\t\t\t\t<div class=\"wrap__img\">\n\t\t\t\t\t\t\t\t\t\t<img decoding=\"async\" src=\"https:\/\/kpkoda.ee\/wp-content\/uploads\/2019\/03\/domain.svg\">\n\t\t\t\t\t\t\t\t\t<\/div>\n\t\t\t\t\t\t\t\t\t<div class=\"useful__item__info\">\n\t\t\t\t\t\t\t\t\t\t<div class=\"useful__item__info__inner\">\n\t\t\t\t\t\t\t\t\t\t\t<h3 class=\"useful__item__title\">Riigiportaal<\/h3>\n\t\t\t\t\t\t\t\t\t\t\t<span  class=\"useful__item__link\">https:\/\/www.eesti.ee\/eraisik\/et\/avaleht<\/span>\n\t\t\t\t\t\t\t\t\t\t<\/div>\n\t\t\t\t\t\t\t\t\t\t<svg id=\"Layer_1\" data-name=\"Layer 1\" xmlns=\"http:\/\/www.w3.org\/2000\/svg\" viewBox=\"0 0 14.89 23.94\"><defs><style><\/style><\/defs><title><\/title><path  d=\"M14.24,13.69,4.65,23.28a2.27,2.27,0,0,1-3.19,0l-.8-.8a2.27,2.27,0,0,1,0-3.19L8,12,.66,4.65a2.27,2.27,0,0,1,0-3.19l.8-.8a2.27,2.27,0,0,1,3.19,0l9.59,9.59A2.24,2.24,0,0,1,14.89,12,2.25,2.25,0,0,1,14.24,13.69Z\"\/><\/svg>\n\t\t\t\t\t\t\t\t\t<\/div>\n\t\t\t\t\t\t\t\t<\/a>\n\t\t\t\t\t\t\t<\/div>\n\t\t\t\t\t\t\t\t\t\t\t\t<div class=\"col-lg-4 col-sm-6 col-xs-12\">\n\t\t\t\t\t\t\t\t<a href=\"http:\/\/www.ametlikudteadaanded.ee\" target=\"_blank\" class=\"useful__item\">\n\t\t\t\t\t\t\t\t\t<div class=\"wrap__img\">\n\t\t\t\t\t\t\t\t\t\t<img decoding=\"async\" src=\"https:\/\/kpkoda.ee\/wp-content\/uploads\/2019\/01\/logo-1.png\">\n\t\t\t\t\t\t\t\t\t<\/div>\n\t\t\t\t\t\t\t\t\t<div class=\"useful__item__info\">\n\t\t\t\t\t\t\t\t\t\t<div class=\"useful__item__info__inner\">\n\t\t\t\t\t\t\t\t\t\t\t<h3 class=\"useful__item__title\">Ametlikud teadaanded<\/h3>\n\t\t\t\t\t\t\t\t\t\t\t<span  class=\"useful__item__link\">www.ametlikudteadaanded.ee<\/span>\n\t\t\t\t\t\t\t\t\t\t<\/div>\n\t\t\t\t\t\t\t\t\t\t<svg id=\"Layer_1\" data-name=\"Layer 1\" xmlns=\"http:\/\/www.w3.org\/2000\/svg\" viewBox=\"0 0 14.89 23.94\"><defs><style><\/style><\/defs><title><\/title><path  d=\"M14.24,13.69,4.65,23.28a2.27,2.27,0,0,1-3.19,0l-.8-.8a2.27,2.27,0,0,1,0-3.19L8,12,.66,4.65a2.27,2.27,0,0,1,0-3.19l.8-.8a2.27,2.27,0,0,1,3.19,0l9.59,9.59A2.24,2.24,0,0,1,14.89,12,2.25,2.25,0,0,1,14.24,13.69Z\"\/><\/svg>\n\t\t\t\t\t\t\t\t\t<\/div>\n\t\t\t\t\t\t\t\t<\/a>\n\t\t\t\t\t\t\t<\/div>\n\t\t\t\t\t\t\t\t\t\t\t\t<div class=\"col-lg-4 col-sm-6 col-xs-12\">\n\t\t\t\t\t\t\t\t<a href=\"https:\/\/e-justice.europa.eu\/\" target=\"_blank\" class=\"useful__item\">\n\t\t\t\t\t\t\t\t\t<div class=\"wrap__img\">\n\t\t\t\t\t\t\t\t\t\t<img decoding=\"async\" src=\"https:\/\/kpkoda.ee\/wp-content\/uploads\/2019\/03\/domain.svg\">\n\t\t\t\t\t\t\t\t\t<\/div>\n\t\t\t\t\t\t\t\t\t<div class=\"useful__item__info\">\n\t\t\t\t\t\t\t\t\t\t<div class=\"useful__item__info__inner\">\n\t\t\t\t\t\t\t\t\t\t\t<h3 class=\"useful__item__title\">Euroopa justiitsatlas<\/h3>\n\t\t\t\t\t\t\t\t\t\t\t<span  class=\"useful__item__link\">www.e-justice.europa.eu<\/span>\n\t\t\t\t\t\t\t\t\t\t<\/div>\n\t\t\t\t\t\t\t\t\t\t<svg id=\"Layer_1\" data-name=\"Layer 1\" xmlns=\"http:\/\/www.w3.org\/2000\/svg\" viewBox=\"0 0 14.89 23.94\"><defs><style><\/style><\/defs><title><\/title><path  d=\"M14.24,13.69,4.65,23.28a2.27,2.27,0,0,1-3.19,0l-.8-.8a2.27,2.27,0,0,1,0-3.19L8,12,.66,4.65a2.27,2.27,0,0,1,0-3.19l.8-.8a2.27,2.27,0,0,1,3.19,0l9.59,9.59A2.24,2.24,0,0,1,14.89,12,2.25,2.25,0,0,1,14.24,13.69Z\"\/><\/svg>\n\t\t\t\t\t\t\t\t\t<\/div>\n\t\t\t\t\t\t\t\t<\/a>\n\t\t\t\t\t\t\t<\/div>\n\t\t\t\t\t\t\t\t\t\t\t\t<div class=\"col-lg-4 col-sm-6 col-xs-12\">\n\t\t\t\t\t\t\t\t<a href=\"http:\/\/www.justdigi.ee\" target=\"_blank\" class=\"useful__item\">\n\t\t\t\t\t\t\t\t\t<div class=\"wrap__img\">\n\t\t\t\t\t\t\t\t\t\t<img decoding=\"async\" src=\"https:\/\/kpkoda.ee\/wp-content\/uploads\/2019\/01\/justiitsmin_3lovi_est.png\">\n\t\t\t\t\t\t\t\t\t<\/div>\n\t\t\t\t\t\t\t\t\t<div class=\"useful__item__info\">\n\t\t\t\t\t\t\t\t\t\t<div class=\"useful__item__info__inner\">\n\t\t\t\t\t\t\t\t\t\t\t<h3 class=\"useful__item__title\">Justiits- ja Digiministeerium<\/h3>\n\t\t\t\t\t\t\t\t\t\t\t<span  class=\"useful__item__link\">www.justdigi.ee<\/span>\n\t\t\t\t\t\t\t\t\t\t<\/div>\n\t\t\t\t\t\t\t\t\t\t<svg id=\"Layer_1\" data-name=\"Layer 1\" xmlns=\"http:\/\/www.w3.org\/2000\/svg\" viewBox=\"0 0 14.89 23.94\"><defs><style><\/style><\/defs><title><\/title><path  d=\"M14.24,13.69,4.65,23.28a2.27,2.27,0,0,1-3.19,0l-.8-.8a2.27,2.27,0,0,1,0-3.19L8,12,.66,4.65a2.27,2.27,0,0,1,0-3.19l.8-.8a2.27,2.27,0,0,1,3.19,0l9.59,9.59A2.24,2.24,0,0,1,14.89,12,2.25,2.25,0,0,1,14.24,13.69Z\"\/><\/svg>\n\t\t\t\t\t\t\t\t\t<\/div>\n\t\t\t\t\t\t\t\t<\/a>\n\t\t\t\t\t\t\t<\/div>\n\t\t\t\t\t\t\t\t\t\t\t\t<div class=\"col-lg-4 col-sm-6 col-xs-12\">\n\t\t\t\t\t\t\t\t<a href=\"http:\/\/riigikogu.ee\" target=\"_blank\" class=\"useful__item\">\n\t\t\t\t\t\t\t\t\t<div class=\"wrap__img\">\n\t\t\t\t\t\t\t\t\t\t<img decoding=\"async\" src=\"https:\/\/kpkoda.ee\/wp-content\/uploads\/2018\/12\/logo-1.svg\">\n\t\t\t\t\t\t\t\t\t<\/div>\n\t\t\t\t\t\t\t\t\t<div class=\"useful__item__info\">\n\t\t\t\t\t\t\t\t\t\t<div class=\"useful__item__info__inner\">\n\t\t\t\t\t\t\t\t\t\t\t<h3 class=\"useful__item__title\">Riigikogu<\/h3>\n\t\t\t\t\t\t\t\t\t\t\t<span  class=\"useful__item__link\">www.riigikogu.ee<\/span>\n\t\t\t\t\t\t\t\t\t\t<\/div>\n\t\t\t\t\t\t\t\t\t\t<svg id=\"Layer_1\" data-name=\"Layer 1\" xmlns=\"http:\/\/www.w3.org\/2000\/svg\" viewBox=\"0 0 14.89 23.94\"><defs><style><\/style><\/defs><title><\/title><path  d=\"M14.24,13.69,4.65,23.28a2.27,2.27,0,0,1-3.19,0l-.8-.8a2.27,2.27,0,0,1,0-3.19L8,12,.66,4.65a2.27,2.27,0,0,1,0-3.19l.8-.8a2.27,2.27,0,0,1,3.19,0l9.59,9.59A2.24,2.24,0,0,1,14.89,12,2.25,2.25,0,0,1,14.24,13.69Z\"\/><\/svg>\n\t\t\t\t\t\t\t\t\t<\/div>\n\t\t\t\t\t\t\t\t<\/a>\n\t\t\t\t\t\t\t<\/div>\n\t\t\t\t\t\t\t\t\t\t\t\t<div class=\"col-lg-4 col-sm-6 col-xs-12\">\n\t\t\t\t\t\t\t\t<a href=\"http:\/\/www.riigikohus.ee\" target=\"_blank\" class=\"useful__item\">\n\t\t\t\t\t\t\t\t\t<div class=\"wrap__img\">\n\t\t\t\t\t\t\t\t\t\t<img decoding=\"async\" src=\"https:\/\/kpkoda.ee\/wp-content\/uploads\/2019\/01\/Layer-1.png\">\n\t\t\t\t\t\t\t\t\t<\/div>\n\t\t\t\t\t\t\t\t\t<div class=\"useful__item__info\">\n\t\t\t\t\t\t\t\t\t\t<div class=\"useful__item__info__inner\">\n\t\t\t\t\t\t\t\t\t\t\t<h3 class=\"useful__item__title\">Riigikohus<\/h3>\n\t\t\t\t\t\t\t\t\t\t\t<span  class=\"useful__item__link\">www.riigikohus.ee<\/span>\n\t\t\t\t\t\t\t\t\t\t<\/div>\n\t\t\t\t\t\t\t\t\t\t<svg id=\"Layer_1\" data-name=\"Layer 1\" xmlns=\"http:\/\/www.w3.org\/2000\/svg\" viewBox=\"0 0 14.89 23.94\"><defs><style><\/style><\/defs><title><\/title><path  d=\"M14.24,13.69,4.65,23.28a2.27,2.27,0,0,1-3.19,0l-.8-.8a2.27,2.27,0,0,1,0-3.19L8,12,.66,4.65a2.27,2.27,0,0,1,0-3.19l.8-.8a2.27,2.27,0,0,1,3.19,0l9.59,9.59A2.24,2.24,0,0,1,14.89,12,2.25,2.25,0,0,1,14.24,13.69Z\"\/><\/svg>\n\t\t\t\t\t\t\t\t\t<\/div>\n\t\t\t\t\t\t\t\t<\/a>\n\t\t\t\t\t\t\t<\/div>\n\t\t\t\t\t\t\t\t\t\t\t\t<div class=\"col-lg-4 col-sm-6 col-xs-12\">\n\t\t\t\t\t\t\t\t<a href=\"http:\/\/www.kohus.ee\" target=\"_blank\" class=\"useful__item\">\n\t\t\t\t\t\t\t\t\t<div class=\"wrap__img\">\n\t\t\t\t\t\t\t\t\t\t<img decoding=\"async\" src=\"https:\/\/kpkoda.ee\/wp-content\/uploads\/2019\/01\/eesti_kohtud.png\">\n\t\t\t\t\t\t\t\t\t<\/div>\n\t\t\t\t\t\t\t\t\t<div class=\"useful__item__info\">\n\t\t\t\t\t\t\t\t\t\t<div class=\"useful__item__info__inner\">\n\t\t\t\t\t\t\t\t\t\t\t<h3 class=\"useful__item__title\">Kohtud<\/h3>\n\t\t\t\t\t\t\t\t\t\t\t<span  class=\"useful__item__link\">www.kohus.ee<\/span>\n\t\t\t\t\t\t\t\t\t\t<\/div>\n\t\t\t\t\t\t\t\t\t\t<svg id=\"Layer_1\" data-name=\"Layer 1\" xmlns=\"http:\/\/www.w3.org\/2000\/svg\" viewBox=\"0 0 14.89 23.94\"><defs><style><\/style><\/defs><title><\/title><path  d=\"M14.24,13.69,4.65,23.28a2.27,2.27,0,0,1-3.19,0l-.8-.8a2.27,2.27,0,0,1,0-3.19L8,12,.66,4.65a2.27,2.27,0,0,1,0-3.19l.8-.8a2.27,2.27,0,0,1,3.19,0l9.59,9.59A2.24,2.24,0,0,1,14.89,12,2.25,2.25,0,0,1,14.24,13.69Z\"\/><\/svg>\n\t\t\t\t\t\t\t\t\t<\/div>\n\t\t\t\t\t\t\t\t<\/a>\n\t\t\t\t\t\t\t<\/div>\n\t\t\t\t\t\t\t\t\t\t\t\t<div class=\"col-lg-4 col-sm-6 col-xs-12\">\n\t\t\t\t\t\t\t\t<a href=\"http:\/\/www.advokatuur.ee\/\" target=\"_blank\" class=\"useful__item\">\n\t\t\t\t\t\t\t\t\t<div class=\"wrap__img\">\n\t\t\t\t\t\t\t\t\t\t<img decoding=\"async\" src=\"https:\/\/kpkoda.ee\/wp-content\/uploads\/2019\/01\/logo-e1574936632615.png\">\n\t\t\t\t\t\t\t\t\t<\/div>\n\t\t\t\t\t\t\t\t\t<div class=\"useful__item__info\">\n\t\t\t\t\t\t\t\t\t\t<div class=\"useful__item__info__inner\">\n\t\t\t\t\t\t\t\t\t\t\t<h3 class=\"useful__item__title\">Advokatuur<\/h3>\n\t\t\t\t\t\t\t\t\t\t\t<span  class=\"useful__item__link\">www.advokatuur.ee<\/span>\n\t\t\t\t\t\t\t\t\t\t<\/div>\n\t\t\t\t\t\t\t\t\t\t<svg id=\"Layer_1\" data-name=\"Layer 1\" xmlns=\"http:\/\/www.w3.org\/2000\/svg\" viewBox=\"0 0 14.89 23.94\"><defs><style><\/style><\/defs><title><\/title><path  d=\"M14.24,13.69,4.65,23.28a2.27,2.27,0,0,1-3.19,0l-.8-.8a2.27,2.27,0,0,1,0-3.19L8,12,.66,4.65a2.27,2.27,0,0,1,0-3.19l.8-.8a2.27,2.27,0,0,1,3.19,0l9.59,9.59A2.24,2.24,0,0,1,14.89,12,2.25,2.25,0,0,1,14.24,13.69Z\"\/><\/svg>\n\t\t\t\t\t\t\t\t\t<\/div>\n\t\t\t\t\t\t\t\t<\/a>\n\t\t\t\t\t\t\t<\/div>\n\t\t\t\t\t\t\t\t\t\t\t\t<div class=\"col-lg-4 col-sm-6 col-xs-12\">\n\t\t\t\t\t\t\t\t<a href=\"http:\/\/www.notar.ee\" target=\"_blank\" class=\"useful__item\">\n\t\t\t\t\t\t\t\t\t<div class=\"wrap__img\">\n\t\t\t\t\t\t\t\t\t\t<img decoding=\"async\" src=\"https:\/\/kpkoda.ee\/wp-content\/uploads\/2019\/03\/domain.svg\">\n\t\t\t\t\t\t\t\t\t<\/div>\n\t\t\t\t\t\t\t\t\t<div class=\"useful__item__info\">\n\t\t\t\t\t\t\t\t\t\t<div class=\"useful__item__info__inner\">\n\t\t\t\t\t\t\t\t\t\t\t<h3 class=\"useful__item__title\">Notarite Koda<\/h3>\n\t\t\t\t\t\t\t\t\t\t\t<span  class=\"useful__item__link\">www.notar.ee<\/span>\n\t\t\t\t\t\t\t\t\t\t<\/div>\n\t\t\t\t\t\t\t\t\t\t<svg id=\"Layer_1\" data-name=\"Layer 1\" xmlns=\"http:\/\/www.w3.org\/2000\/svg\" viewBox=\"0 0 14.89 23.94\"><defs><style><\/style><\/defs><title><\/title><path  d=\"M14.24,13.69,4.65,23.28a2.27,2.27,0,0,1-3.19,0l-.8-.8a2.27,2.27,0,0,1,0-3.19L8,12,.66,4.65a2.27,2.27,0,0,1,0-3.19l.8-.8a2.27,2.27,0,0,1,3.19,0l9.59,9.59A2.24,2.24,0,0,1,14.89,12,2.25,2.25,0,0,1,14.24,13.69Z\"\/><\/svg>\n\t\t\t\t\t\t\t\t\t<\/div>\n\t\t\t\t\t\t\t\t<\/a>\n\t\t\t\t\t\t\t<\/div>\n\t\t\t\t\t\t\t\t\t\t\t\t<div class=\"col-lg-4 col-sm-6 col-xs-12\">\n\t\t\t\t\t\t\t\t<a href=\"http:\/\/www.juristaitab.ee\/\" target=\"_blank\" class=\"useful__item\">\n\t\t\t\t\t\t\t\t\t<div class=\"wrap__img\">\n\t\t\t\t\t\t\t\t\t\t<img decoding=\"async\" src=\"https:\/\/kpkoda.ee\/wp-content\/uploads\/2019\/01\/EO_logo.png\">\n\t\t\t\t\t\t\t\t\t<\/div>\n\t\t\t\t\t\t\t\t\t<div class=\"useful__item__info\">\n\t\t\t\t\t\t\t\t\t\t<div class=\"useful__item__info__inner\">\n\t\t\t\t\t\t\t\t\t\t\t<h3 class=\"useful__item__title\">Veebileht &#8220;Jurist aitab&#8221;<\/h3>\n\t\t\t\t\t\t\t\t\t\t\t<span  class=\"useful__item__link\">www.juristaitab.ee<\/span>\n\t\t\t\t\t\t\t\t\t\t<\/div>\n\t\t\t\t\t\t\t\t\t\t<svg id=\"Layer_1\" data-name=\"Layer 1\" xmlns=\"http:\/\/www.w3.org\/2000\/svg\" viewBox=\"0 0 14.89 23.94\"><defs><style><\/style><\/defs><title><\/title><path  d=\"M14.24,13.69,4.65,23.28a2.27,2.27,0,0,1-3.19,0l-.8-.8a2.27,2.27,0,0,1,0-3.19L8,12,.66,4.65a2.27,2.27,0,0,1,0-3.19l.8-.8a2.27,2.27,0,0,1,3.19,0l9.59,9.59A2.24,2.24,0,0,1,14.89,12,2.25,2.25,0,0,1,14.24,13.69Z\"\/><\/svg>\n\t\t\t\t\t\t\t\t\t<\/div>\n\t\t\t\t\t\t\t\t<\/a>\n\t\t\t\t\t\t\t<\/div>\n\t\t\t\t\t\t\t\t\t\t\t\t<div class=\"col-lg-4 col-sm-6 col-xs-12\">\n\t\t\t\t\t\t\t\t<a href=\"https:\/\/www.riigiteataja.ee\" target=\"_blank\" class=\"useful__item\">\n\t\t\t\t\t\t\t\t\t<div class=\"wrap__img\">\n\t\t\t\t\t\t\t\t\t\t<img decoding=\"async\" src=\"https:\/\/kpkoda.ee\/wp-content\/uploads\/2019\/03\/domain.svg\">\n\t\t\t\t\t\t\t\t\t<\/div>\n\t\t\t\t\t\t\t\t\t<div class=\"useful__item__info\">\n\t\t\t\t\t\t\t\t\t\t<div class=\"useful__item__info__inner\">\n\t\t\t\t\t\t\t\t\t\t\t<h3 class=\"useful__item__title\">Riigi Teataja<\/h3>\n\t\t\t\t\t\t\t\t\t\t\t<span  class=\"useful__item__link\">www.riigiteataja.ee<\/span>\n\t\t\t\t\t\t\t\t\t\t<\/div>\n\t\t\t\t\t\t\t\t\t\t<svg id=\"Layer_1\" data-name=\"Layer 1\" xmlns=\"http:\/\/www.w3.org\/2000\/svg\" viewBox=\"0 0 14.89 23.94\"><defs><style><\/style><\/defs><title><\/title><path  d=\"M14.24,13.69,4.65,23.28a2.27,2.27,0,0,1-3.19,0l-.8-.8a2.27,2.27,0,0,1,0-3.19L8,12,.66,4.65a2.27,2.27,0,0,1,0-3.19l.8-.8a2.27,2.27,0,0,1,3.19,0l9.59,9.59A2.24,2.24,0,0,1,14.89,12,2.25,2.25,0,0,1,14.24,13.69Z\"\/><\/svg>\n\t\t\t\t\t\t\t\t\t<\/div>\n\t\t\t\t\t\t\t\t<\/a>\n\t\t\t\t\t\t\t<\/div>\n\t\t\t\t\t\t\t\t\t<\/div>\n\t\t\t<\/div>\n\t\t<\/div>\n\t<\/div>\n<\/section>","protected":false},"excerpt":{"rendered":"","protected":false},"author":1,"featured_media":23410,"parent":0,"menu_order":153,"comment_status":"closed","ping_status":"closed","template":"template_home.php","meta":{"_acf_changed":false,"footnotes":""},"class_list":["post-11857","page","type-page","status-publish","has-post-thumbnail","hentry"],"acf":[],"yoast_head":"<!-- This site is optimized with the Yoast SEO plugin v27.3 - https:\/\/yoast.com\/product\/yoast-seo-wordpress\/ -->\n<title>Avaleht - Kohtut\u00e4iturite ja Pankrotihaldurite Koda<\/title>\n<meta name=\"robots\" content=\"index, follow, max-snippet:-1, max-image-preview:large, max-video-preview:-1\" \/>\n<link rel=\"canonical\" href=\"https:\/\/kpkoda.ee\/en\/\" \/>\n<meta property=\"og:locale\" content=\"en_US\" \/>\n<meta property=\"og:type\" content=\"article\" \/>\n<meta property=\"og:title\" content=\"Avaleht - Kohtut\u00e4iturite ja Pankrotihaldurite Koda\" \/>\n<meta property=\"og:url\" content=\"https:\/\/kpkoda.ee\/en\/\" \/>\n<meta property=\"og:site_name\" content=\"Kohtut\u00e4iturite ja Pankrotihaldurite Koda\" \/>\n<meta property=\"article:modified_time\" content=\"2025-01-01T13:15:33+00:00\" \/>\n<meta property=\"og:image\" content=\"https:\/\/kpkoda.ee\/wp-content\/uploads\/2024\/06\/kpbl.jpg\" \/>\n\t<meta property=\"og:image:width\" content=\"640\" \/>\n\t<meta property=\"og:image:height\" content=\"400\" \/>\n\t<meta property=\"og:image:type\" content=\"image\/jpeg\" \/>\n<meta name=\"twitter:card\" content=\"summary_large_image\" \/>\n<script type=\"application\/ld+json\" class=\"yoast-schema-graph\">{\"@context\":\"https:\\\/\\\/schema.org\",\"@graph\":[{\"@type\":\"WebPage\",\"@id\":\"https:\\\/\\\/kpkoda.ee\\\/en\\\/\",\"url\":\"https:\\\/\\\/kpkoda.ee\\\/en\\\/\",\"name\":\"Avaleht - Kohtut\u00e4iturite ja Pankrotihaldurite Koda\",\"isPartOf\":{\"@id\":\"https:\\\/\\\/kpkoda.ee\\\/en\\\/#website\"},\"primaryImageOfPage\":{\"@id\":\"https:\\\/\\\/kpkoda.ee\\\/en\\\/#primaryimage\"},\"image\":{\"@id\":\"https:\\\/\\\/kpkoda.ee\\\/en\\\/#primaryimage\"},\"thumbnailUrl\":\"https:\\\/\\\/kpkoda.ee\\\/wp-content\\\/uploads\\\/2024\\\/06\\\/kpbl.jpg\",\"datePublished\":\"2018-12-10T09:35:10+00:00\",\"dateModified\":\"2025-01-01T13:15:33+00:00\",\"breadcrumb\":{\"@id\":\"https:\\\/\\\/kpkoda.ee\\\/en\\\/#breadcrumb\"},\"inLanguage\":\"en-US\",\"potentialAction\":[{\"@type\":\"ReadAction\",\"target\":[\"https:\\\/\\\/kpkoda.ee\\\/en\\\/\"]}]},{\"@type\":\"ImageObject\",\"inLanguage\":\"en-US\",\"@id\":\"https:\\\/\\\/kpkoda.ee\\\/en\\\/#primaryimage\",\"url\":\"https:\\\/\\\/kpkoda.ee\\\/wp-content\\\/uploads\\\/2024\\\/06\\\/kpbl.jpg\",\"contentUrl\":\"https:\\\/\\\/kpkoda.ee\\\/wp-content\\\/uploads\\\/2024\\\/06\\\/kpbl.jpg\",\"width\":640,\"height\":400},{\"@type\":\"BreadcrumbList\",\"@id\":\"https:\\\/\\\/kpkoda.ee\\\/en\\\/#breadcrumb\",\"itemListElement\":[{\"@type\":\"ListItem\",\"position\":1,\"name\":\"Home\",\"item\":\"https:\\\/\\\/kpkoda.ee\\\/en\\\/\"},{\"@type\":\"ListItem\",\"position\":2,\"name\":\"Avaleht\"}]},{\"@type\":\"WebSite\",\"@id\":\"https:\\\/\\\/kpkoda.ee\\\/en\\\/#website\",\"url\":\"https:\\\/\\\/kpkoda.ee\\\/en\\\/\",\"name\":\"Kohtut\u00e4iturite ja Pankrotihaldurite Koda\",\"description\":\"Kohtut\u00e4iturite ja Pankrotihaldurite Koda\",\"potentialAction\":[{\"@type\":\"SearchAction\",\"target\":{\"@type\":\"EntryPoint\",\"urlTemplate\":\"https:\\\/\\\/kpkoda.ee\\\/en\\\/?s={search_term_string}\"},\"query-input\":{\"@type\":\"PropertyValueSpecification\",\"valueRequired\":true,\"valueName\":\"search_term_string\"}}],\"inLanguage\":\"en-US\"}]}<\/script>\n<!-- \/ Yoast SEO plugin. -->","yoast_head_json":{"title":"Avaleht - Kohtut\u00e4iturite ja Pankrotihaldurite Koda","robots":{"index":"index","follow":"follow","max-snippet":"max-snippet:-1","max-image-preview":"max-image-preview:large","max-video-preview":"max-video-preview:-1"},"canonical":"https:\/\/kpkoda.ee\/en\/","og_locale":"en_US","og_type":"article","og_title":"Avaleht - Kohtut\u00e4iturite ja Pankrotihaldurite Koda","og_url":"https:\/\/kpkoda.ee\/en\/","og_site_name":"Kohtut\u00e4iturite ja Pankrotihaldurite Koda","article_modified_time":"2025-01-01T13:15:33+00:00","og_image":[{"width":640,"height":400,"url":"https:\/\/kpkoda.ee\/wp-content\/uploads\/2024\/06\/kpbl.jpg","type":"image\/jpeg"}],"twitter_card":"summary_large_image","schema":{"@context":"https:\/\/schema.org","@graph":[{"@type":"WebPage","@id":"https:\/\/kpkoda.ee\/en\/","url":"https:\/\/kpkoda.ee\/en\/","name":"Avaleht - Kohtut\u00e4iturite ja Pankrotihaldurite Koda","isPartOf":{"@id":"https:\/\/kpkoda.ee\/en\/#website"},"primaryImageOfPage":{"@id":"https:\/\/kpkoda.ee\/en\/#primaryimage"},"image":{"@id":"https:\/\/kpkoda.ee\/en\/#primaryimage"},"thumbnailUrl":"https:\/\/kpkoda.ee\/wp-content\/uploads\/2024\/06\/kpbl.jpg","datePublished":"2018-12-10T09:35:10+00:00","dateModified":"2025-01-01T13:15:33+00:00","breadcrumb":{"@id":"https:\/\/kpkoda.ee\/en\/#breadcrumb"},"inLanguage":"en-US","potentialAction":[{"@type":"ReadAction","target":["https:\/\/kpkoda.ee\/en\/"]}]},{"@type":"ImageObject","inLanguage":"en-US","@id":"https:\/\/kpkoda.ee\/en\/#primaryimage","url":"https:\/\/kpkoda.ee\/wp-content\/uploads\/2024\/06\/kpbl.jpg","contentUrl":"https:\/\/kpkoda.ee\/wp-content\/uploads\/2024\/06\/kpbl.jpg","width":640,"height":400},{"@type":"BreadcrumbList","@id":"https:\/\/kpkoda.ee\/en\/#breadcrumb","itemListElement":[{"@type":"ListItem","position":1,"name":"Home","item":"https:\/\/kpkoda.ee\/en\/"},{"@type":"ListItem","position":2,"name":"Avaleht"}]},{"@type":"WebSite","@id":"https:\/\/kpkoda.ee\/en\/#website","url":"https:\/\/kpkoda.ee\/en\/","name":"Kohtut\u00e4iturite ja Pankrotihaldurite Koda","description":"Kohtut\u00e4iturite ja Pankrotihaldurite Koda","potentialAction":[{"@type":"SearchAction","target":{"@type":"EntryPoint","urlTemplate":"https:\/\/kpkoda.ee\/en\/?s={search_term_string}"},"query-input":{"@type":"PropertyValueSpecification","valueRequired":true,"valueName":"search_term_string"}}],"inLanguage":"en-US"}]}},"_links":{"self":[{"href":"https:\/\/kpkoda.ee\/en\/wp-json\/wp\/v2\/pages\/11857","targetHints":{"allow":["GET"]}}],"collection":[{"href":"https:\/\/kpkoda.ee\/en\/wp-json\/wp\/v2\/pages"}],"about":[{"href":"https:\/\/kpkoda.ee\/en\/wp-json\/wp\/v2\/types\/page"}],"author":[{"embeddable":true,"href":"https:\/\/kpkoda.ee\/en\/wp-json\/wp\/v2\/users\/1"}],"replies":[{"embeddable":true,"href":"https:\/\/kpkoda.ee\/en\/wp-json\/wp\/v2\/comments?post=11857"}],"version-history":[{"count":21,"href":"https:\/\/kpkoda.ee\/en\/wp-json\/wp\/v2\/pages\/11857\/revisions"}],"predecessor-version":[{"id":24877,"href":"https:\/\/kpkoda.ee\/en\/wp-json\/wp\/v2\/pages\/11857\/revisions\/24877"}],"wp:featuredmedia":[{"embeddable":true,"href":"https:\/\/kpkoda.ee\/en\/wp-json\/wp\/v2\/media\/23410"}],"wp:attachment":[{"href":"https:\/\/kpkoda.ee\/en\/wp-json\/wp\/v2\/media?parent=11857"}],"curies":[{"name":"wp","href":"https:\/\/api.w.org\/{rel}","templated":true}]}}